{"id":10626,"date":"2019-12-09T14:23:45","date_gmt":"2019-12-09T13:23:45","guid":{"rendered":"https:\/\/shop.divinporcello.it\/accoglienza\/"},"modified":"2020-12-22T10:52:10","modified_gmt":"2020-12-22T09:52:10","slug":"accoglienza","status":"publish","type":"page","link":"https:\/\/divinporcello.it\/de\/accoglienza\/","title":{"rendered":"GASTFREUNDSCHAFT"},"content":{"rendered":"<p>[vc_row][vc_column width=&#8220;1\/2&#8243;][vc_gallery interval=&#8220;3&#8243; images=&#8220;9997&#8243; img_size=&#8220;large&#8220;][\/vc_column][vc_column width=&#8220;1\/2&#8243;][vc_column_text]Wer sich f\u00fcr Divin Porcello entscheidet, kann zahlreiche Dienstleistungen in Anspruch nehmen, angefangen beim Shuttle-Service vom und zum Bahnhof von Domodossola, um unterwegs gleich das herrliche Panorama bewundern zu k\u00f6nnen, bis hin zu den komfortablen Zimmern auf Reservierung. Weiter geht es mit einem Abendessen oder Mittagessen auf der Veranda, im Sommer auch im Garten oder in den zahlreichen sch\u00f6nen Steinmauer-S\u00e4len in antiker Atmosph\u00e4re \u2013 alle saniert, um Ihnen einen sicheren Empfang zu garantieren.<br \/>\nBei Ihrer Ankunft vermitteln wir Ihnen gerne Kontakte f\u00fcr verschiedene Anfragen, wie z.B. Ausfl\u00fcge, Touren, Verleih und Sonstiges, um Ihren Aufenthalt unvergesslich zu machen.<br \/>\nEntdecken Sie was das Ossola-Gebiet zu bieten hat. Dazu laden wir Sie ein, die offizielle Website <a href=\"http:\/\/www.visitossola.it\" target=\"_blank\" rel=\"noopener\">www.visitossola.it<\/a> zu besuchen. Sportfans wie Skifahrer, Radfahrer, Trekker, Camper, usw. m\u00f6gen bitte <a href=\"http:\/\/www.pianadivigezzo.it\" target=\"_blank\" rel=\"noopener\">www.pianadivigezzo.it<\/a> besuchen.[\/vc_column_text][\/vc_column][\/vc_row]<\/p>\n","protected":false},"excerpt":{"rendered":"<p>[vc_row][vc_column width=&#8220;1\/2&#8243;][vc_gallery interval=&#8220;3&#8243; images=&#8220;9997&#8243; img_size=&#8220;large&#8220;][\/vc_column][vc_column width=&#8220;1\/2&#8243;][vc_column_text]Wer sich f\u00fcr Divin Porcello entscheidet, kann zahlreiche Dienstleistungen in Anspruch nehmen, angefangen beim Shuttle-Service&#8230;<\/p>\n","protected":false},"author":1,"featured_media":0,"parent":0,"menu_order":0,"comment_status":"closed","ping_status":"closed","template":"","meta":[],"aioseo_notices":[],"_links":{"self":[{"href":"https:\/\/divinporcello.it\/de\/wp-json\/wp\/v2\/pages\/10626"}],"collection":[{"href":"https:\/\/divinporcello.it\/de\/wp-json\/wp\/v2\/pages"}],"about":[{"href":"https:\/\/divinporcello.it\/de\/wp-json\/wp\/v2\/types\/page"}],"author":[{"embeddable":true,"href":"https:\/\/divinporcello.it\/de\/wp-json\/wp\/v2\/users\/1"}],"replies":[{"embeddable":true,"href":"https:\/\/divinporcello.it\/de\/wp-json\/wp\/v2\/comments?post=10626"}],"version-history":[{"count":2,"href":"https:\/\/divinporcello.it\/de\/wp-json\/wp\/v2\/pages\/10626\/revisions"}],"predecessor-version":[{"id":11638,"href":"https:\/\/divinporcello.it\/de\/wp-json\/wp\/v2\/pages\/10626\/revisions\/11638"}],"wp:attachment":[{"href":"https:\/\/divinporcello.it\/de\/wp-json\/wp\/v2\/media?parent=10626"}],"curies":[{"name":"wp","href":"https:\/\/api.w.org\/{rel}","templated":true}]}}