{"id":10637,"date":"2019-12-09T14:24:19","date_gmt":"2019-12-09T13:24:19","guid":{"rendered":"https:\/\/shop.divinporcello.it\/aria\/"},"modified":"2020-12-22T10:53:35","modified_gmt":"2020-12-22T09:53:35","slug":"aria","status":"publish","type":"page","link":"https:\/\/divinporcello.it\/de\/aria\/","title":{"rendered":"LUFT"},"content":{"rendered":"<p>[vc_row][vc_column width=&#8220;1\/2&#8243;][vc_single_image image=&#8220;10400&#8243; img_size=&#8220;full&#8220;][\/vc_column][vc_column width=&#8220;1\/2&#8243;][vc_column_text]<\/p>\n<p>Seit immer schon stellen wir die beste Qualit\u00e4t und Tradition unseres gro\u00dfz\u00fcgigen Gebietes in den Mittelpunkt unserer T\u00e4tigkeit.<\/p>\n<p>Die Leidenschaft f\u00fcr Naturreinheit und Gastfreundschaft haben uns weiter vorangetrieben und bieten Ihnen in unseren R\u00e4umlichkeiten &#8222;<strong>Zertifizierte gesunde Luft<\/strong>&#8222;, dank fortschrittlicher, von international anerkannten Instituten zugelassener Systeme.<\/p>\n<p>[\/vc_column_text][\/vc_column][\/vc_row]<\/p>\n","protected":false},"excerpt":{"rendered":"<p>[vc_row][vc_column width=&#8220;1\/2&#8243;][vc_single_image image=&#8220;10400&#8243; img_size=&#8220;full&#8220;][\/vc_column][vc_column width=&#8220;1\/2&#8243;][vc_column_text] Seit immer schon stellen wir die beste Qualit\u00e4t und Tradition unseres gro\u00dfz\u00fcgigen Gebietes in den&#8230;<\/p>\n","protected":false},"author":1,"featured_media":0,"parent":0,"menu_order":0,"comment_status":"closed","ping_status":"closed","template":"","meta":[],"aioseo_notices":[],"_links":{"self":[{"href":"https:\/\/divinporcello.it\/de\/wp-json\/wp\/v2\/pages\/10637"}],"collection":[{"href":"https:\/\/divinporcello.it\/de\/wp-json\/wp\/v2\/pages"}],"about":[{"href":"https:\/\/divinporcello.it\/de\/wp-json\/wp\/v2\/types\/page"}],"author":[{"embeddable":true,"href":"https:\/\/divinporcello.it\/de\/wp-json\/wp\/v2\/users\/1"}],"replies":[{"embeddable":true,"href":"https:\/\/divinporcello.it\/de\/wp-json\/wp\/v2\/comments?post=10637"}],"version-history":[{"count":1,"href":"https:\/\/divinporcello.it\/de\/wp-json\/wp\/v2\/pages\/10637\/revisions"}],"predecessor-version":[{"id":11639,"href":"https:\/\/divinporcello.it\/de\/wp-json\/wp\/v2\/pages\/10637\/revisions\/11639"}],"wp:attachment":[{"href":"https:\/\/divinporcello.it\/de\/wp-json\/wp\/v2\/media?parent=10637"}],"curies":[{"name":"wp","href":"https:\/\/api.w.org\/{rel}","templated":true}]}}