{"id":10643,"date":"2019-02-06T15:36:52","date_gmt":"2019-02-06T14:36:52","guid":{"rendered":"https:\/\/shop.divinporcello.it\/camere-del-ristorante\/"},"modified":"2025-09-25T10:31:52","modified_gmt":"2025-09-25T08:31:52","slug":"camere-del-ristorante","status":"publish","type":"page","link":"https:\/\/divinporcello.it\/de\/camere-del-ristorante\/","title":{"rendered":"ZIMMERVERMIETUNG Divin Porcello"},"content":{"rendered":"<p>[vc_row][vc_column][vc_column_text]<\/p>\n<h1>Die Zimmer des Hotelrestaurants<\/h1>\n<p>Nach einem sch\u00f6nen Spaziergang oder einem Skitag k\u00f6nnen Sie sich in unseren gem\u00fctlichen, im alpinen Stil eingerichteten Zimmern entspannen. Alle Zimmer sind mit eigenem Bad inkl. F\u00f6hn, Fernseher mit digitalem Kabel-TV, WLAN und Fr\u00fchst\u00fcckstablett ausgestattet.<\/p>\n<p><strong><span style=\"color: #000000;\"><br \/>\nZimmerpreise \u00dcbernachtung:<\/span><\/strong><\/p>\n<p>Einzelzimmer: \u20ac 60,00<\/p>\n<p>Doppelzimmer: \u20ac 100,00<\/p>\n<p>Dreibettzimmer: \u20ac 120,00<\/p>\n<p>Wohnzimmer: \u20ac 140,00[\/vc_column_text][\/vc_column][\/vc_row][vc_row][vc_column][vc_row_inner][vc_column_inner width=&#8220;1\/2&#8243;][vc_gallery type=&#8220;flexslider_slide&#8220; interval=&#8220;3&#8243; images=&#8220;10062,10063,10064,10065,10071&#8243; img_size=&#8220;large&#8220; title=&#8220;Rosa Zimmer&#8220;][\/vc_column_inner][vc_column_inner width=&#8220;1\/2&#8243;][vc_gallery interval=&#8220;3&#8243; images=&#8220;10072,10070,10071,10065&#8243; img_size=&#8220;large&#8220; title=&#8220;Gelbes Zimmer&#8220;][\/vc_column_inner][\/vc_row_inner][\/vc_column][\/vc_row][vc_row][vc_column width=&#8220;1\/2&#8243;][vc_gallery interval=&#8220;3&#8243; images=&#8220;10082,10077,10075,10078,10081&#8243; img_size=&#8220;large&#8220; title=&#8220;Blaues Zimmer&#8220;][\/vc_column][vc_column width=&#8220;1\/2&#8243;][\/vc_column][\/vc_row][vc_row][vc_column][\/vc_column][\/vc_row]<\/p>\n","protected":false},"excerpt":{"rendered":"<p>[vc_row][vc_column][vc_column_text] Die Zimmer des Hotelrestaurants Nach einem sch\u00f6nen Spaziergang oder einem Skitag k\u00f6nnen Sie sich in unseren gem\u00fctlichen, im alpinen&#8230;<\/p>\n","protected":false},"author":1,"featured_media":0,"parent":0,"menu_order":0,"comment_status":"closed","ping_status":"closed","template":"","meta":[],"aioseo_notices":[],"_links":{"self":[{"href":"https:\/\/divinporcello.it\/de\/wp-json\/wp\/v2\/pages\/10643"}],"collection":[{"href":"https:\/\/divinporcello.it\/de\/wp-json\/wp\/v2\/pages"}],"about":[{"href":"https:\/\/divinporcello.it\/de\/wp-json\/wp\/v2\/types\/page"}],"author":[{"embeddable":true,"href":"https:\/\/divinporcello.it\/de\/wp-json\/wp\/v2\/users\/1"}],"replies":[{"embeddable":true,"href":"https:\/\/divinporcello.it\/de\/wp-json\/wp\/v2\/comments?post=10643"}],"version-history":[{"count":3,"href":"https:\/\/divinporcello.it\/de\/wp-json\/wp\/v2\/pages\/10643\/revisions"}],"predecessor-version":[{"id":13769,"href":"https:\/\/divinporcello.it\/de\/wp-json\/wp\/v2\/pages\/10643\/revisions\/13769"}],"wp:attachment":[{"href":"https:\/\/divinporcello.it\/de\/wp-json\/wp\/v2\/media?parent=10643"}],"curies":[{"name":"wp","href":"https:\/\/api.w.org\/{rel}","templated":true}]}}