{"id":10649,"date":"2019-02-06T09:42:15","date_gmt":"2019-02-06T08:42:15","guid":{"rendered":"https:\/\/shop.divinporcello.it\/il-ristorante\/"},"modified":"2024-08-29T08:26:35","modified_gmt":"2024-08-29T06:26:35","slug":"il-ristorante","status":"publish","type":"page","link":"https:\/\/divinporcello.it\/de\/il-ristorante\/","title":{"rendered":"TRADITIONELLES RESTAURANT IM OSSOLA-GEBIETS"},"content":{"rendered":"<p>[vc_row][vc_column][vc_row_inner][vc_column_inner width=&#8220;1\/2&#8243;][vc_gallery interval=&#8220;3&#8243; images=&#8220;9812,9814,9817,9818,9819,9820,9822,9823,9824,9825,9826,9828,9829&#8243; img_size=&#8220;large&#8220;][\/vc_column_inner][vc_column_inner width=&#8220;1\/2&#8243;][vc_column_text]<\/p>\n<p>Das Restaurant Divin Porcello ist ein klassisches Lokal, das Tradition mit Innovation vereint. Wir verarbeiten aus unseren T\u00e4lern stammende Saisonprodukte und verwenden die neue Induktionstechnologie f\u00fcr schonendes Kochen und zur Verbesserung der Lebensmittelqualit\u00e4t. Die Speisekarte stellt alle Gaumen zufrieden.<\/p>\n<p>Das Angebot geht vom k\u00f6stlichen Fleisch bis hin zum Vegetarischen, mit Gerichten, die die Geschichte unseres Gebietes nach alten Rezepten oder nach der Phantasie des K\u00fcchenchefs mit einigen Neuinterpretationen wiedergeben. Man wird des vielf\u00e4ltigen Angebots nie \u00fcberdr\u00fcssig, im Gegenteil &#8211; man kann sich leicht in unsere traditionellen Gerichte verlieben, wie z.B. in die Vorspeise der von uns hergestellten Wurstwaren (11 Sorten!), unter denen der Masera-Rohschinken, das Kr\u00e4uterschmalz und die Mortadella Ossolana (Slow Food-Pr\u00e4sidium) ganz besondere Spezialit\u00e4ten sind.<\/p>\n<p>[\/vc_column_text][\/vc_column_inner][\/vc_row_inner][\/vc_column][\/vc_row][vc_row][vc_column][vc_column_text]<\/p>\n<h2 style=\"text-align: center;\">Greifen Sie auf den virtuellen Rundgang durch die R\u00e4ume des Divin Porcello zu!<\/h2>\n<p>Zimmer im Walser-Stil, Holz- und Steinb\u00f6den, Tische mit Intarsien und Details, die in einer Umgebung, die aus Mauern aus dem 19. Jahrhundert besteht, den Unterschied machen[\/vc_column_text][\/vc_column][\/vc_row][vc_row gap=&#8220;20&#8243;][vc_column width=&#8220;1\/2&#8243;][vc_raw_html]JTNDaWZyYW1lJTIwc3JjJTNEJTIyaHR0cHMlM0ElMkYlMkZ3d3cuZ29vZ2xlLmNvbSUyRm1hcHMlMkZlbWJlZCUzRnBiJTNEJTIxNHYxNzEyMzA3MjEzNDk1JTIxNm04JTIxMW03JTIxMXNDQW9TTEVGR01WRnBjRTR6UWtjeFIzazVWSFptYld4M1JXWllhVnAzZERGNFQwcENjVkYxUW5Fd1VYaFZRazgyJTIxMm0yJTIxMWQ0Ni4xNDgxODkwODk3MTklMjEyZDguMzI2NDYxNzIwMjU1MSUyMTNmMzQzLjU4NjA2MDk3NTYzNTclMjE0Zi01LjI3Mjc1MjYxMTU2Njk1OCUyMTVmMC43ODIwODY1OTc0NjI3NDY5JTIyJTIwd2lkdGglM0QlMjIxMDAlMjUlMjIlMjBoZWlnaHQlM0QlMjI0NTAlMjIlMjBzdHlsZSUzRCUyMmJvcmRlciUzQTAlM0IlMjIlMjBhbGxvd2Z1bGxzY3JlZW4lM0QlMjIlMjIlMjBsb2FkaW5nJTNEJTIybGF6eSUyMiUyMHJlZmVycmVycG9saWN5JTNEJTIybm8tcmVmZXJyZXItd2hlbi1kb3duZ3JhZGUlMjIlM0UlM0MlMkZpZnJhbWUlM0U=[\/vc_raw_html][\/vc_column][vc_column width=&#8220;1\/2&#8243;][vc_raw_html]JTNDaWZyYW1lJTIwc3JjJTNEJTIyaHR0cHMlM0ElMkYlMkZ3d3cuZ29vZ2xlLmNvbSUyRm1hcHMlMkZlbWJlZCUzRnBiJTNEJTIxNHYxNzEyMzA3MzE4OTAwJTIxNm04JTIxMW03JTIxMXNDQW9TTEVGR01WRnBjRTlVUmsxM0xWOXBjSEExVHpCRlVXTmtSRWxEVG5JMFZHcHdObFJTYVhsUVIyazVUMlZuJTIxMm0yJTIxMWQ0Ni4xNDgxMjY4MzkyMyUyMTJkOC4zMjY0Njc3NTUyMjU0JTIxM2YyLjIxOTE3Mzk3NDAzMTQ5MTUlMjE0Zi01LjE1ODQ4NjQ3MDY2MjE1NDUlMjE1ZjAuNzgyMDg2NTk3NDYyNzQ2OSUyMiUyMHdpZHRoJTNEJTIyMTAwJTI1JTIyJTIwaGVpZ2h0JTNEJTIyNDUwJTIyJTIwc3R5bGUlM0QlMjJib3JkZXIlM0EwJTNCJTIyJTIwYWxsb3dmdWxsc2NyZWVuJTNEJTIyJTIyJTIwbG9hZGluZyUzRCUyMmxhenklMjIlMjByZWZlcnJlcnBvbGljeSUzRCUyMm5vLXJlZmVycmVyLXdoZW4tZG93bmdyYWRlJTIyJTNFJTNDJTJGaWZyYW1lJTNF[\/vc_raw_html][\/vc_column][\/vc_row][vc_row][vc_column][vc_gmaps link=&#8220;#E-8_JTNDaWZyYW1lJTIwc3JjJTNEJTIyaHR0cHMlM0ElMkYlMkZ3d3cuZ29vZ2xlLmNvbSUyRm1hcHMlMkZlbWJlZCUzRnBiJTNEJTIxMW0xOCUyMTFtMTIlMjExbTMlMjExZDI3NjQuMTMwMTg2MjQyMDg3JTIxMmQ4LjMyNDQwODUxNTk3ODk4NiUyMTNkNDYuMTQ4MTUzNjc5MTE1MSUyMTJtMyUyMTFmMCUyMTJmMCUyMTNmMCUyMTNtMiUyMTFpMTAyNCUyMTJpNzY4JTIxNGYxMy4xJTIxM20zJTIxMW0yJTIxMXMweDQ3ODVmMjMzY2I0MjY5MjUlMjUzQTB4NmY4NmI3YWJjNzMzMmVjYyUyMTJzRGl2aW4lMjUyMFBvcmNlbGxvJTIxNWUwJTIxM20yJTIxMXNlbiUyMTJzaXQlMjE0djE1ODYyNTI2NTA5MDklMjE1bTIlMjExc2RlJTIxMnNlbiUyMiUyMHdpZHRoJTNEJTIyNjAwJTIyJTIwaGVpZ2h0JTNEJTIyNDUwJTIyJTIwZnJhbWVib3JkZXIlM0QlMjIwJTIyJTIwc3R5bGUlM0QlMjJib3JkZXIlM0EwJTNCJTIyJTIwYWxsb3dmdWxsc2NyZWVuJTNEJTIyJTIyJTIwYXJpYS1oaWRkZW4lM0QlMjJmYWxzZSUyMiUyMHRhYmluZGV4JTNEJTIyMCUyMiUzRSUzQyUyRmlmcmFtZSUzRQ==&#8220;][\/vc_column][\/vc_row]<\/p>\n","protected":false},"excerpt":{"rendered":"<p>[vc_row][vc_column][vc_row_inner][vc_column_inner width=&#8220;1\/2&#8243;][vc_gallery interval=&#8220;3&#8243; images=&#8220;9812,9814,9817,9818,9819,9820,9822,9823,9824,9825,9826,9828,9829&#8243; img_size=&#8220;large&#8220;][\/vc_column_inner][vc_column_inner width=&#8220;1\/2&#8243;][vc_column_text] Das Restaurant Divin Porcello ist ein klassisches Lokal, das Tradition mit Innovation vereint. Wir&#8230;<\/p>\n","protected":false},"author":1,"featured_media":0,"parent":0,"menu_order":0,"comment_status":"closed","ping_status":"closed","template":"","meta":[],"aioseo_notices":[],"_links":{"self":[{"href":"https:\/\/divinporcello.it\/de\/wp-json\/wp\/v2\/pages\/10649"}],"collection":[{"href":"https:\/\/divinporcello.it\/de\/wp-json\/wp\/v2\/pages"}],"about":[{"href":"https:\/\/divinporcello.it\/de\/wp-json\/wp\/v2\/types\/page"}],"author":[{"embeddable":true,"href":"https:\/\/divinporcello.it\/de\/wp-json\/wp\/v2\/users\/1"}],"replies":[{"embeddable":true,"href":"https:\/\/divinporcello.it\/de\/wp-json\/wp\/v2\/comments?post=10649"}],"version-history":[{"count":4,"href":"https:\/\/divinporcello.it\/de\/wp-json\/wp\/v2\/pages\/10649\/revisions"}],"predecessor-version":[{"id":13562,"href":"https:\/\/divinporcello.it\/de\/wp-json\/wp\/v2\/pages\/10649\/revisions\/13562"}],"wp:attachment":[{"href":"https:\/\/divinporcello.it\/de\/wp-json\/wp\/v2\/media?parent=10649"}],"curies":[{"name":"wp","href":"https:\/\/api.w.org\/{rel}","templated":true}]}}