{"id":10678,"date":"2019-12-09T14:22:03","date_gmt":"2019-12-09T13:22:03","guid":{"rendered":"https:\/\/shop.divinporcello.it\/le-nostre-sale\/"},"modified":"2020-12-22T09:48:51","modified_gmt":"2020-12-22T08:48:51","slug":"le-nostre-sale","status":"publish","type":"page","link":"https:\/\/divinporcello.it\/de\/le-nostre-sale\/","title":{"rendered":"UNSERE R\u00c4UMLICHKEITEN"},"content":{"rendered":"<p>[vc_row][vc_column][vc_column_text]<\/p>\n<h2 style=\"text-align: center;\">Mitarbeiter und K\u00fcche<\/h2>\n<p>[\/vc_column_text][vc_row_inner][vc_column_inner width=&#8220;1\/2&#8243;][vc_gallery interval=&#8220;3&#8243; images=&#8220;10579,10145&#8243; img_size=&#8220;large&#8220;][\/vc_column_inner][vc_column_inner width=&#8220;1\/2&#8243;][vc_column_text]Die K\u00fcche mit dem unabk\u00f6mmlichen Personal, in der der Chefkoch Gianfranco Tonossi mit Unterst\u00fctzung von Soufiane Najoui die Lieblingsgerichte der G\u00e4ste zubereitet &#8211; in einer v\u00f6llig gasfreien Umgebung, die nur mit Strom betrieben wird, um die Qualit\u00e4t zu verbessern und den Schadstoffaussto\u00df zu reduzieren. Die K\u00fcche, in der sich die Tradition mit Innovation kombiniert.[\/vc_column_text][\/vc_column_inner][\/vc_row_inner][\/vc_column][\/vc_row][vc_row][vc_column][vc_column_text]<\/p>\n<h2 style=\"text-align: center;\">Der Eichensaal<\/h2>\n<p>[\/vc_column_text][vc_row_inner][vc_column_inner width=&#8220;1\/2&#8243;][vc_column_text]Die eindrucksvollen, freiliegenden Steinmauern, die alten Massivholzschr\u00e4nke und die zentrale Beola-Steins\u00e4ule schaffen eine einzigartige Atmosph\u00e4re f\u00fcr Mittag- oder Abendessen, sowohl f\u00fcr gesch\u00e4ftliche als auch f\u00fcr private Anl\u00e4sse. Die Besonderheit in diesem Raum ist ein schmiedeeiserner Weinstockzweig, der, in die gro\u00dfe Eichenholztischplatte eingelegt, die Leidenschaft f\u00fcr den Wein der Familie Sartoretti darstellt.[\/vc_column_text][\/vc_column_inner][vc_column_inner width=&#8220;1\/2&#8243;][vc_gallery interval=&#8220;3&#8243; images=&#8220;9875,9876,9825&#8243; img_size=&#8220;large&#8220;][\/vc_column_inner][\/vc_row_inner][\/vc_column][\/vc_row][vc_row][vc_column][vc_column_text]<\/p>\n<h2 style=\"text-align: center;\">Der Vinothek-Saal<\/h2>\n<p>[\/vc_column_text][vc_row_inner][vc_column_inner width=&#8220;1\/2&#8243;][vc_gallery interval=&#8220;3&#8243; images=&#8220;9812,9573&#8243; img_size=&#8220;large&#8220;][\/vc_column_inner][vc_column_inner width=&#8220;1\/2&#8243;][vc_column_text]Der Raum im Untergeschoss und seine Steingew\u00f6lbe wurden unl\u00e4ngst restauriert; die zwei gro\u00dfen Tische bieten Platz f\u00fcr bis zu 18 Personen. Sehr effektvoll sind die Kisten und Flaschen, die an den W\u00e4nden entlang stilvoll angeordnet sind. [\/vc_column_text][\/vc_column_inner][\/vc_row_inner][\/vc_column][\/vc_row][vc_row][vc_column][vc_column_text]<\/p>\n<h2 style=\"text-align: center;\">Der Keller<\/h2>\n<p>[\/vc_column_text][vc_row_inner][vc_column_inner width=&#8220;1\/2&#8243;][vc_column_text]Im Untergeschoss, links, befindet sich der Keller. In diesem Raum steht ein Tisch aus dem Jahr 1800 mit einer Glastischplatte als Schutz. Von hier aus sieht man in die beiden Keller, wobei einer den Weinen und der andere dem K\u00e4se gewidmet ist; im letzteren befinden sich mehrere Jahrg\u00e4nge des bekannten \u201eBettelmatt\u201c-K\u00e4ses sowie andere regionale K\u00e4sespezialit\u00e4ten.[\/vc_column_text][\/vc_column_inner][vc_column_inner width=&#8220;1\/2&#8243;][vc_gallery interval=&#8220;3&#8243; images=&#8220;10104,10113,10107,9818&#8243; img_size=&#8220;large&#8220;][\/vc_column_inner][\/vc_row_inner][\/vc_column][\/vc_row][vc_row][vc_column][vc_column_text]<\/p>\n<h2 style=\"text-align: center;\">Die Stube<\/h2>\n<p>[\/vc_column_text][vc_row_inner][vc_column_inner width=&#8220;1\/2&#8243;][vc_gallery interval=&#8220;3&#8243; images=&#8220;9874&#8243; img_size=&#8220;large&#8220; css=&#8220;.vc_custom_1579082794612{margin-bottom: 60px !important;}&#8220;][\/vc_column_inner][vc_column_inner width=&#8220;1\/2&#8243;][vc_column_text]Als Stube bezeichnet man einen geheizten Wohnraum. Im Untergeschoss des Restaurants befindet sich dieser gem\u00fctliche Raum mit 20 Sitzpl\u00e4tzen, der an den Seitenw\u00e4nden durch freiliegende Steinb\u00f6gen stilvoll ausgestaltet ist. Die Atmosph\u00e4re ist sehr eindrucksvoll, wenn im Winter das Feuer im Kamin brennt und eine typische Bergatmosph\u00e4re schafft.[\/vc_column_text][\/vc_column_inner][\/vc_row_inner][\/vc_column][\/vc_row][vc_row][vc_column][vc_column_text]<\/p>\n<h2 style=\"text-align: center;\">Kleiner Saal<\/h2>\n<p>[\/vc_column_text][vc_row_inner][vc_column_inner width=&#8220;1\/2&#8243;][vc_column_text]Der kleine Saal beherbergte urspr\u00fcnglich die erste K\u00fcche. Nach der Verlegung wurde sie zu einem Speisesaal mit Holzb\u00f6den und Holzbalkendecken umgestaltet. Der kleine Saal bietet Platz f\u00fcr 14 G\u00e4ste.[\/vc_column_text][\/vc_column_inner][vc_column_inner width=&#8220;1\/2&#8243;][vc_gallery interval=&#8220;3&#8243; images=&#8220;10091,10092,10093,10094&#8243; img_size=&#8220;large&#8220;][\/vc_column_inner][\/vc_row_inner][\/vc_column][\/vc_row][vc_row][vc_column][vc_column_text]<\/p>\n<h2 style=\"text-align: center;\">Der Hauptsaal<\/h2>\n<p>[\/vc_column_text][vc_row_inner][vc_column_inner width=&#8220;1\/2&#8243;][vc_gallery interval=&#8220;3&#8243; images=&#8220;10085,10086,10087,10088,10089&#8243; img_size=&#8220;large&#8220; css=&#8220;.vc_custom_1600060257907{margin-bottom: 0px !important;}&#8220;][\/vc_column_inner][vc_column_inner width=&#8220;1\/2&#8243;][vc_column_text]Der erste Saal, dem wir begegnen, ist der Hauptsaal. Der Raum ist im Ossolano-Stil eingerichtet, mit freiliegenden Steinw\u00e4nden, antiken Gem\u00e4lden und Holzbalkendecke. Dieser Raum ist immer in Betrieb und verf\u00fcgt \u00fcber etwa 30 Gedecke.[\/vc_column_text][\/vc_column_inner][\/vc_row_inner][\/vc_column][\/vc_row][vc_row][vc_column][vc_column_text]<\/p>\n<h2 style=\"text-align: center;\">Veranda<\/h2>\n<p>[\/vc_column_text][vc_row_inner][vc_column_inner width=&#8220;1\/2&#8243;][vc_column_text]Die Veranda befindet sich auf der gleichen Etage wie der Hauptsaal, von dem aus sie zug\u00e4nglich ist. Originell und komfortabel, wird sie in der hei\u00dfen Jahreszeit auch abends wegen der angenehmen K\u00fchle, die sie bietet, genutzt.[\/vc_column_text][\/vc_column_inner][vc_column_inner width=&#8220;1\/2&#8243;][vc_gallery interval=&#8220;3&#8243; images=&#8220;9883&#8243; img_size=&#8220;large&#8220;][\/vc_column_inner][\/vc_row_inner][\/vc_column][\/vc_row][vc_row][vc_column][vc_column_text]<\/p>\n<h2 style=\"text-align: center;\">Sommergarten<\/h2>\n<p>[\/vc_column_text][vc_row_inner][vc_column_inner width=&#8220;1\/2&#8243;][vc_gallery interval=&#8220;3&#8243; images=&#8220;9886,9887,9884,9885&#8243; img_size=&#8220;large&#8220;][\/vc_column_inner][vc_column_inner width=&#8220;1\/2&#8243;][vc_column_text]Der Garten befindet sich vor dem Restaurant und wird f\u00fcr Aperitifs genutzt. Wettergesch\u00fctzt k\u00f6nnen Sie im Schatten der Weinrebe und mit Blick auf das Panorama des Ossola-Tals mit Domodossola in der Mitte ausgezeichnete Weine und Delikatessen des Ossola-Gebiets genie\u00dfen.[\/vc_column_text][\/vc_column_inner][\/vc_row_inner][\/vc_column][\/vc_row]<\/p>\n","protected":false},"excerpt":{"rendered":"<p>[vc_row][vc_column][vc_column_text] Mitarbeiter und K\u00fcche [\/vc_column_text][vc_row_inner][vc_column_inner width=&#8220;1\/2&#8243;][vc_gallery interval=&#8220;3&#8243; images=&#8220;10579,10145&#8243; img_size=&#8220;large&#8220;][\/vc_column_inner][vc_column_inner width=&#8220;1\/2&#8243;][vc_column_text]Die K\u00fcche mit dem unabk\u00f6mmlichen Personal, in der der Chefkoch Gianfranco&#8230;<\/p>\n","protected":false},"author":1,"featured_media":0,"parent":0,"menu_order":0,"comment_status":"closed","ping_status":"closed","template":"","meta":[],"aioseo_notices":[],"_links":{"self":[{"href":"https:\/\/divinporcello.it\/de\/wp-json\/wp\/v2\/pages\/10678"}],"collection":[{"href":"https:\/\/divinporcello.it\/de\/wp-json\/wp\/v2\/pages"}],"about":[{"href":"https:\/\/divinporcello.it\/de\/wp-json\/wp\/v2\/types\/page"}],"author":[{"embeddable":true,"href":"https:\/\/divinporcello.it\/de\/wp-json\/wp\/v2\/users\/1"}],"replies":[{"embeddable":true,"href":"https:\/\/divinporcello.it\/de\/wp-json\/wp\/v2\/comments?post=10678"}],"version-history":[{"count":1,"href":"https:\/\/divinporcello.it\/de\/wp-json\/wp\/v2\/pages\/10678\/revisions"}],"predecessor-version":[{"id":11633,"href":"https:\/\/divinporcello.it\/de\/wp-json\/wp\/v2\/pages\/10678\/revisions\/11633"}],"wp:attachment":[{"href":"https:\/\/divinporcello.it\/de\/wp-json\/wp\/v2\/media?parent=10678"}],"curies":[{"name":"wp","href":"https:\/\/api.w.org\/{rel}","templated":true}]}}