{"id":10740,"date":"2019-12-09T14:22:54","date_gmt":"2019-12-09T13:22:54","guid":{"rendered":"https:\/\/shop.divinporcello.it\/vini\/"},"modified":"2020-12-22T12:26:29","modified_gmt":"2020-12-22T11:26:29","slug":"vini","status":"publish","type":"page","link":"https:\/\/divinporcello.it\/de\/vini\/","title":{"rendered":"WEINE"},"content":{"rendered":"<p>[vc_row][vc_column][vc_column_text]Sie k\u00f6nnen den Wein direkt aus einer digitalen Karte ausw\u00e4hlen, am Tisch wird Ihnen das Ger\u00e4t (iPad) f\u00fcr eine komplette Abfrage zur Verf\u00fcgung gestellt. Hier sind einige Marken, die Divin Porcello f\u00fcr Sie ausw\u00e4hlt hat:[\/vc_column_text][vc_column_text]<\/p>\n<h2 style=\"text-align: center;\">WEISSWEINE<\/h2>\n<p>[\/vc_column_text][vc_column_text]<\/p>\n<h3>GAVI \u2013 Villa Sparina<\/h3>\n<p>[\/vc_column_text][vc_row_inner][vc_column_inner width=&#8220;1\/2&#8243;][vc_gallery interval=&#8220;3&#8243; images=&#8220;10439,10440&#8243; img_size=&#8220;large&#8220;][\/vc_column_inner][vc_column_inner width=&#8220;1\/2&#8243;][vc_column_text]<\/p>\n<p>Gavi del Comune di Gavi D.O.C.G.<\/p>\n<p>Strohgelb, elegante Blumennoten und angenehme Fruchtnoten. \u00dcppig, voll, weich und einh\u00fcllend.<\/p>\n<p>[\/vc_column_text][\/vc_column_inner][\/vc_row_inner][\/vc_column][\/vc_row][vc_row][vc_column][vc_column_text]<\/p>\n<h3>BLANG\u00c9 \u2013 Ceretto<\/h3>\n<p>[\/vc_column_text][vc_row_inner][vc_column_inner width=&#8220;1\/2&#8243;][vc_column_text]<\/p>\n<p>Langhe D.O.C. Arneis<\/p>\n<p>Biowein. Duftet nach wei\u00dfen Blumen, Pfirsich und tropischen Fr\u00fcchten. Reicher und fruchtiger Geschmack, mit Noten von Apfel, Birne, Pfirsich, Vanille und tropischen Fr\u00fcchten.<\/p>\n<p>[\/vc_column_text][\/vc_column_inner][vc_column_inner width=&#8220;1\/2&#8243;][vc_gallery interval=&#8220;3&#8243; images=&#8220;10442,10443&#8243; img_size=&#8220;large&#8220;][\/vc_column_inner][\/vc_row_inner][\/vc_column][\/vc_row][vc_row][vc_column][vc_column_text]<\/p>\n<h3>M\u00dcLLER THURGAU \u2013 Kettmeir<\/h3>\n<p>[\/vc_column_text][vc_row_inner][vc_column_inner width=&#8220;1\/2&#8243;][vc_gallery interval=&#8220;3&#8243; images=&#8220;10444,10445&#8243; img_size=&#8220;large&#8220;][\/vc_column_inner][vc_column_inner width=&#8220;1\/2&#8243;][vc_column_text]<\/p>\n<p>S\u00fcdtirol D.O.C.<\/p>\n<p>Helles Strohgelb, intensives, aromatisches Bouquet, mit Noten von Muskatnuss, Brennnessel und wei\u00dfem Pfirsich. Der Geschmack ist frisch, voll, anhaltend.<\/p>\n<p>[\/vc_column_text][\/vc_column_inner][\/vc_row_inner][\/vc_column][\/vc_row][vc_row][vc_column][vc_column_text]<\/p>\n<h2 style=\"text-align: center;\">ROTWEINE<\/h2>\n<p>[\/vc_column_text][vc_column_text]<\/p>\n<h3>GIULIN \u2013 Accornero<\/h3>\n<p>[\/vc_column_text][vc_row_inner][vc_column_inner width=&#8220;1\/2&#8243;][vc_gallery interval=&#8220;3&#8243; images=&#8220;10447,10448&#8243; img_size=&#8220;large&#8220;][\/vc_column_inner][vc_column_inner width=&#8220;1\/2&#8243;][vc_column_text]<\/p>\n<p>Barbera del Monferrato D.O.C.<\/p>\n<p>Rubinrot, fruchtiges Bouquet, harmonischer und eleganter Geschmack. Ein sehr bek\u00f6mmlicher Wein.<\/p>\n<p>[\/vc_column_text][\/vc_column_inner][\/vc_row_inner][\/vc_column][\/vc_row][vc_row][vc_column][vc_column_text]<\/p>\n<h3>LA LUNA E I FAL\u00d3 \u2013 Vite Colte<\/h3>\n<p>[\/vc_column_text][vc_row_inner][vc_column_inner width=&#8220;1\/2&#8243;][vc_column_text]<\/p>\n<p>Nizza D.O.C.G.<\/p>\n<p>Intensives Rubinrot; reichliche Noten von Veilchen, Pflaume, Waldbeeren und Nuancen von Vanille und Kokosnuss. Im Mund ist er trocken, rund, ausgewogen, mit einem anhaltenden Nachgeschmack mit Noten von Kaffee und Heidelbeere.<\/p>\n<p>[\/vc_column_text][\/vc_column_inner][vc_column_inner width=&#8220;1\/2&#8243;][vc_gallery interval=&#8220;3&#8243; images=&#8220;10449,10450&#8243; img_size=&#8220;large&#8220;][\/vc_column_inner][\/vc_row_inner][\/vc_column][\/vc_row][vc_row][vc_column][vc_column_text]<\/p>\n<h3>IL BRUCIATO \u2013 Tenuta Guado al Tasso<\/h3>\n<p>[\/vc_column_text][vc_row_inner][vc_column_inner width=&#8220;1\/2&#8243;][vc_gallery interval=&#8220;3&#8243; images=&#8220;10451,10452&#8243; img_size=&#8220;large&#8220;][\/vc_column_inner][vc_column_inner width=&#8220;1\/2&#8243;][vc_column_text]<\/p>\n<p>Bolgheri D.O.C.<\/p>\n<p>Intensives Rubinrot. Dieser Wein duftet nach reifen roten Fr\u00fcchten, gefolgt von s\u00fc\u00dfen Gew\u00fcrznoten. Am Gaumen ist er weich, ausgewogen, harmonisch und einh\u00fcllend.<\/p>\n<p>[\/vc_column_text][\/vc_column_inner][\/vc_row_inner][\/vc_column][\/vc_row][vc_row][vc_column][vc_column_text]<\/p>\n<h2 style=\"text-align: center;\">SCHAUMWEINE<\/h2>\n<p>[\/vc_column_text][vc_column_text]<\/p>\n<h3>RISERVA COPPO \u2013 Coppo<\/h3>\n<p>[\/vc_column_text][vc_row_inner][vc_column_inner width=&#8220;1\/2&#8243;][vc_gallery interval=&#8220;3&#8243; images=&#8220;10454,10455&#8243; img_size=&#8220;large&#8220;][\/vc_column_inner][vc_column_inner width=&#8220;1\/2&#8243;][vc_column_text]<\/p>\n<p>Alta Langa D.O.C. Brut<\/p>\n<p>Goldgelb, mit feiner Perlage. Das Bouquet riecht nach Apfel, Birne, Pfirsich, Mandel, Brotkruste und Hefe. Der Geschmack erinnert an Noten von aromatischen Kr\u00e4utern und Nuancen von Vanille, weich und anhaltend.<\/p>\n<p>[\/vc_column_text][\/vc_column_inner][\/vc_row_inner][\/vc_column][\/vc_row][vc_row][vc_column][vc_column_text]<\/p>\n<h3>CUVE\u00c9 PRESTIGE ROS\u00c9 \u2013 C\u00e0 del Bosco<\/h3>\n<p>[\/vc_column_text][vc_row_inner][vc_column_inner width=&#8220;1\/2&#8243;][vc_column_text]<\/p>\n<p>Franciacorta D.O.C.G. Brut Ros\u00e8<\/p>\n<p>Helles Rosa mit feiner und anhaltender Perlage. In der Nase blumige D\u00fcfte von Pfingstrose und Rose und fruchtige Aromen von Granatapfel, Zitrusfr\u00fcchten und Beeren. Am Gaumen ist er \u00fcppig und cremig, harmonisch und ausgewogen.<\/p>\n<p>[\/vc_column_text][\/vc_column_inner][vc_column_inner width=&#8220;1\/2&#8243;][vc_gallery interval=&#8220;3&#8243; images=&#8220;10457,10458&#8243; img_size=&#8220;large&#8220;][\/vc_column_inner][\/vc_row_inner][\/vc_column][\/vc_row][vc_row][vc_column][vc_column_text]<\/p>\n<h3>VALENTINO BRUT ZERO \u2013 Rocche dei Manzoni<\/h3>\n<p>[\/vc_column_text][vc_row_inner][vc_column_inner width=&#8220;1\/2&#8243;][vc_gallery interval=&#8220;3&#8243; images=&#8220;10459,10460&#8243; img_size=&#8220;large&#8220;][\/vc_column_inner][vc_column_inner width=&#8220;1\/2&#8243;][vc_column_text]<\/p>\n<p>Klassische Methode Dosierung Null<\/p>\n<p>Helles Goldgelb mit feiner Perlage, im Bouquet komplex mit ausgepr\u00e4gten Noten von Vanille, Geb\u00e4ck und Hefe. Ein trockener Wein mit Charakter und ausgezeichneter Struktur.<\/p>\n<p>[\/vc_column_text][\/vc_column_inner][\/vc_row_inner][\/vc_column][\/vc_row][vc_row][vc_column][vc_column_text]<\/p>\n<h2 style=\"text-align: center;\">EXZELLENZWEINE<\/h2>\n<p>[\/vc_column_text][vc_column_text]<\/p>\n<h3>CHAMPAGNE KRUG 1996 \u2013 Krug<\/h3>\n<p>[\/vc_column_text][vc_row_inner][vc_column_inner width=&#8220;1\/2&#8243;][vc_gallery interval=&#8220;3&#8243; images=&#8220;10461,10462&#8243; img_size=&#8220;large&#8220;][\/vc_column_inner][vc_column_inner width=&#8220;1\/2&#8243;][vc_column_text]<\/p>\n<p>Champagne AOC Brut<\/p>\n<p>Ein k\u00fchner und charismatischer Wein. Ein besonderer Jahrgang, der als einer der besten des Jahrhunderts gilt. Der Krug 1996 ist der letzte Millesimato-Wein, der von drei Krug Generationen geschaffen wurde. Stark gold gl\u00e4nzend, mit dichter und feiner Perlage.<\/p>\n<p>Das Bouquet ist reich, voll, frisch, mit Charakter. Am Gaumen entfalten sich Aromen von Birne, kandierter Zitrone, reifem Sommerobst, Honig, Lebkuchen und einer zarten Kaffeenote.<\/p>\n<p>[\/vc_column_text][\/vc_column_inner][\/vc_row_inner][\/vc_column][\/vc_row][vc_row][vc_column][vc_column_text]<\/p>\n<h3>VIGNA COLONNELLO \u2013 Prunotto<\/h3>\n<p>[\/vc_column_text][vc_row_inner][vc_column_inner width=&#8220;1\/2&#8243;][vc_column_text]<\/p>\n<p>Barolo D.O.C.G. Riserva Bussia<\/p>\n<p>Rubinrot mit orangefarbenen Reflexen. In der Nase Nuancen von Rosenbl\u00e4ttern, Himbeere und Granatapfel, kombiniert mit w\u00fcrzigen und balsamischen Noten. Am Gaumen ist er intensiv, mit s\u00fc\u00dfen, einh\u00fcllenden Tanninen und einem anhaltenden Nachgeschmack.<\/p>\n<p>[\/vc_column_text][\/vc_column_inner][vc_column_inner width=&#8220;1\/2&#8243;][vc_gallery interval=&#8220;3&#8243; images=&#8220;10464,10465&#8243; img_size=&#8220;large&#8220;][\/vc_column_inner][\/vc_row_inner][\/vc_column][\/vc_row][vc_row][vc_column][vc_column_text]<\/p>\n<h3>VURS\u00da VIGNETO GALLINA \u2013 La Spinetta<\/h3>\n<p>[\/vc_column_text][vc_row_inner][vc_column_inner width=&#8220;1\/2&#8243;][vc_gallery interval=&#8220;3&#8243; images=&#8220;10466,10467&#8243; img_size=&#8220;large&#8220;][\/vc_column_inner][vc_column_inner width=&#8220;1\/2&#8243;][vc_column_text]<\/p>\n<p>Barbaresco D.O.C.G.<\/p>\n<p>Rubinrot mit granatroten Reflexen. Die Geruchsnoten erinnern an kleine rote Fr\u00fcchte, Johannisbeeren, Himbeeren, Gew\u00fcrze und Kaffee. Im Mund reich und harmonisch mit Noten von Rosenbl\u00e4ttern, Pflaume, Minze und Anis.<\/p>\n<p>[\/vc_column_text][\/vc_column_inner][\/vc_row_inner][\/vc_column][\/vc_row][vc_row][vc_column][vc_column_text]<\/p>\n<h3>SASSICAIA \u2013 Weingut San Guido<\/h3>\n<p>[\/vc_column_text][vc_row_inner][vc_column_inner width=&#8220;1\/2&#8243;][vc_column_text]<\/p>\n<p>Bolgheri Sassicaia D.O.C.<\/p>\n<p>Kr\u00e4ftiges Rubinrot. Die Geruchsnoten erinnern an rote Fr\u00fcchte, darunter Schwarzkirsche, Heidelbeere und Johannisbeere, mit Noten von Kr\u00e4utern und Tabak. Intensiver, ausgewogener, frischer und geschmackvoller Wein mit samtigen Tanninen.<\/p>\n<p>[\/vc_column_text][\/vc_column_inner][vc_column_inner width=&#8220;1\/2&#8243;][vc_gallery interval=&#8220;3&#8243; images=&#8220;10468,10469&#8243; img_size=&#8220;large&#8220;][\/vc_column_inner][\/vc_row_inner][\/vc_column][\/vc_row][vc_row][vc_column][vc_column_text]<\/p>\n<h2 style=\"text-align: center;\">PASSITO<\/h2>\n<p>[\/vc_column_text][vc_column_text]<\/p>\n<h3>CH\u00c2TEAU D&#8217;YQUEM \u2013 Ch\u00e2teau d&#8217;Yquem<\/h3>\n<p>[\/vc_column_text][vc_row_inner][vc_column_inner width=&#8220;1\/2&#8243;][vc_gallery interval=&#8220;3&#8243; images=&#8220;10470,10471&#8243; img_size=&#8220;large&#8220;][\/vc_column_inner][vc_column_inner width=&#8220;1\/2&#8243;][vc_column_text]<\/p>\n<p>Bordeaux 1er Cru Sup\u00e9rieur Sauternes<\/p>\n<p>Goldgelb. Dieser Dessertwein besticht durch sein aromatisches Bouquet mit Noten von Honig, kombiniert mit einem Hauch von Mandeln und wei\u00dfer Schokolade, die ihm einen sinnlichen und pr\u00e4zisen Charakter verleihen. Am Gaumen ist er sehr ausgewogen und mit einer ann\u00e4hernd perfekten S\u00e4ure. Er ist harmonisch, sehr kr\u00e4ftig, mit einer S\u00e4urestruktur, die durch Noten von Zitronensorbet, Orangenschale und geriebenem Ingwer hervorgehoben wird, mit einigen Nuancen von wei\u00dfer Schokolade. Extrem anhaltend im Mund.<\/p>\n<p>[\/vc_column_text][\/vc_column_inner][\/vc_row_inner][\/vc_column][\/vc_row]<\/p>\n","protected":false},"excerpt":{"rendered":"<p>[vc_row][vc_column][vc_column_text]Sie k\u00f6nnen den Wein direkt aus einer digitalen Karte ausw\u00e4hlen, am Tisch wird Ihnen das Ger\u00e4t (iPad) f\u00fcr eine komplette&#8230;<\/p>\n","protected":false},"author":1,"featured_media":0,"parent":0,"menu_order":0,"comment_status":"closed","ping_status":"closed","template":"","meta":[],"aioseo_notices":[],"_links":{"self":[{"href":"https:\/\/divinporcello.it\/de\/wp-json\/wp\/v2\/pages\/10740"}],"collection":[{"href":"https:\/\/divinporcello.it\/de\/wp-json\/wp\/v2\/pages"}],"about":[{"href":"https:\/\/divinporcello.it\/de\/wp-json\/wp\/v2\/types\/page"}],"author":[{"embeddable":true,"href":"https:\/\/divinporcello.it\/de\/wp-json\/wp\/v2\/users\/1"}],"replies":[{"embeddable":true,"href":"https:\/\/divinporcello.it\/de\/wp-json\/wp\/v2\/comments?post=10740"}],"version-history":[{"count":5,"href":"https:\/\/divinporcello.it\/de\/wp-json\/wp\/v2\/pages\/10740\/revisions"}],"predecessor-version":[{"id":11661,"href":"https:\/\/divinporcello.it\/de\/wp-json\/wp\/v2\/pages\/10740\/revisions\/11661"}],"wp:attachment":[{"href":"https:\/\/divinporcello.it\/de\/wp-json\/wp\/v2\/media?parent=10740"}],"curies":[{"name":"wp","href":"https:\/\/api.w.org\/{rel}","templated":true}]}}