{"id":10867,"date":"2019-12-09T14:27:22","date_gmt":"2019-12-09T13:27:22","guid":{"rendered":"https:\/\/shop.divinporcello.it\/salumeria\/"},"modified":"2020-12-22T10:55:49","modified_gmt":"2020-12-22T09:55:49","slug":"salumeria","status":"publish","type":"page","link":"https:\/\/divinporcello.it\/de\/salumeria\/","title":{"rendered":"Divin Porcello WURSTWARENHERSTELLUNG"},"content":{"rendered":"<p>[vc_row][vc_column][vc_column_text]<\/p>\n<h2 style=\"text-align: center;\">Kurz zur Geschichte<\/h2>\n<p>[\/vc_column_text][vc_row_inner][vc_column_inner width=&#8220;1\/2&#8243;][vc_gallery interval=&#8220;3&#8243; images=&#8220;9838,9839&#8243; img_size=&#8220;large&#8220;][\/vc_column_inner][vc_column_inner width=&#8220;1\/2&#8243;][vc_column_text]In Masera in der Via Rosigno setzen Meister Giovanni und Mara die Familientradition der 1950 von Gro\u00dfvater Pierino gegr\u00fcndeten Wurstwarenfabrik fort. Die Wurstwarenfabrik Divin Porcello verf\u00fcgt \u00fcber mehrere K\u00fchlr\u00e4ume, um die Frische der Produkte zu garantieren. Es gibt Reifekeller, in denen f\u00fcr die korrekte Reifung der Wurstwaren eine konstante Temperatur und Luftfeuchtigkeit herrschen. Der Mittelpunkt ist das Labor, in dem Mara und Meister Giovanni unsere im Katalog angebotenen Produkte schneiden, w\u00fcrzen, einsacken und f\u00fcr die Reifung vorbereiten.[\/vc_column_text][\/vc_column_inner][\/vc_row_inner][\/vc_column][\/vc_row][vc_row][vc_column][vc_gmaps link=&#8220;#E-8_JTNDaWZyYW1lJTIwc3JjJTNEJTIyaHR0cHMlM0ElMkYlMkZ3d3cuZ29vZ2xlLmNvbSUyRm1hcHMlMkZlbWJlZCUzRnBiJTNEJTIxMW0xOCUyMTFtMTIlMjExbTMlMjExZDk3Ny4zMzkzODYxNzcwNDYxJTIxMmQ4LjMyMjcyNTU0MjgyNTIwNyUyMTNkNDYuMTQ0MTEwMTczNzkyNzMlMjEybTMlMjExZjAlMjEyZjAlMjEzZjAlMjEzbTIlMjExaTEwMjQlMjEyaTc2OCUyMTRmMTMuMSUyMTNtMyUyMTFtMiUyMTFzMHg0Nzg1ZjIyZDA4ZmNhMzYzJTI1M0EweDYyZDkzNWU0Y2RiZTI1YTElMjEyc0klMjUyMFNhbHVtaSUyNTIwRGVsJTI1MjBEaXZpbiUyNTIwUG9yY2VsbG8lMjE1ZTAlMjEzbTIlMjExc2VuJTIxMnNpdCUyMTR2MTU4NjI1MjU2NDgyOCUyMTVtMiUyMTFzZGUlMjEyc2VuJTIyJTIwd2lkdGglM0QlMjI2MDAlMjIlMjBoZWlnaHQlM0QlMjI0NTAlMjIlMjBmcmFtZWJvcmRlciUzRCUyMjAlMjIlMjBzdHlsZSUzRCUyMmJvcmRlciUzQTAlM0IlMjIlMjBhbGxvd2Z1bGxzY3JlZW4lM0QlMjIlMjIlMjBhcmlhLWhpZGRlbiUzRCUyMmZhbHNlJTIyJTIwdGFiaW5kZXglM0QlMjIwJTIyJTNFJTNDJTJGaWZyYW1lJTNF&#8220;][\/vc_column][\/vc_row]<\/p>\n","protected":false},"excerpt":{"rendered":"<p>[vc_row][vc_column][vc_column_text] Kurz zur Geschichte [\/vc_column_text][vc_row_inner][vc_column_inner width=&#8220;1\/2&#8243;][vc_gallery interval=&#8220;3&#8243; images=&#8220;9838,9839&#8243; img_size=&#8220;large&#8220;][\/vc_column_inner][vc_column_inner width=&#8220;1\/2&#8243;][vc_column_text]In Masera in der Via Rosigno setzen Meister Giovanni und Mara&#8230;<\/p>\n","protected":false},"author":1,"featured_media":0,"parent":0,"menu_order":0,"comment_status":"closed","ping_status":"closed","template":"","meta":[],"aioseo_notices":[],"_links":{"self":[{"href":"https:\/\/divinporcello.it\/de\/wp-json\/wp\/v2\/pages\/10867"}],"collection":[{"href":"https:\/\/divinporcello.it\/de\/wp-json\/wp\/v2\/pages"}],"about":[{"href":"https:\/\/divinporcello.it\/de\/wp-json\/wp\/v2\/types\/page"}],"author":[{"embeddable":true,"href":"https:\/\/divinporcello.it\/de\/wp-json\/wp\/v2\/users\/1"}],"replies":[{"embeddable":true,"href":"https:\/\/divinporcello.it\/de\/wp-json\/wp\/v2\/comments?post=10867"}],"version-history":[{"count":1,"href":"https:\/\/divinporcello.it\/de\/wp-json\/wp\/v2\/pages\/10867\/revisions"}],"predecessor-version":[{"id":11640,"href":"https:\/\/divinporcello.it\/de\/wp-json\/wp\/v2\/pages\/10867\/revisions\/11640"}],"wp:attachment":[{"href":"https:\/\/divinporcello.it\/de\/wp-json\/wp\/v2\/media?parent=10867"}],"curies":[{"name":"wp","href":"https:\/\/api.w.org\/{rel}","templated":true}]}}