{"id":11000,"date":"2015-01-13T13:48:44","date_gmt":"2015-01-13T12:48:44","guid":{"rendered":"https:\/\/shop.divinporcello.it\/splash-1\/"},"modified":"2020-12-23T11:02:14","modified_gmt":"2020-12-23T10:02:14","slug":"splash-1","status":"publish","type":"page","link":"https:\/\/divinporcello.it\/de\/splash-1\/","title":{"rendered":"HOME PAGE"},"content":{"rendered":"<p>[vc_row][vc_column][vc_column_text]<\/p>\n<h2 style=\"text-align: center;\">Divin Porcello Family<\/h2>\n<p style=\"text-align: center;\">Gastfreundschaft, Gastronomie, Hotelzimmer, Shuttle-Service, eine eigene Wurstwarenherstellung und Weinhandlung! Alles familiengef\u00fchrt!<\/p>\n<p style=\"text-align: center;\"><strong>Das Ossola-Gebiet, wie Sie es noch nie gesehen haben!<\/strong><\/p>\n<p>[\/vc_column_text]<div class=\"sc-youtube sc-wrapbox sc-wrapbox-style-default rounded-corners sc-wrapbox-position-below\" style=\"width: 100%;\"><div class=\"sc-wrapbox-inner sc-ratio-style\" style=\"padding-top: 50%\"><iframe class=\"sc-wrapbox-element img-responsive\" width=\"100%\" height=\"300\" frameborder=\"0\" scrolling=\"no\" marginheight=\"0\" marginwidth=\"0\" src=\"\/\/www.youtube.com\/embed\/vsuUbs2ciNc?rel=0&amp;wmode=opaque\"><\/iframe><\/div><\/div>[\/vc_column][\/vc_row][vc_row][vc_column]<div class=\"fullwidth-block clearfix\" style=\"background-image: url(https:\/\/divinporcello.it\/wp-content\/uploads\/2020\/09\/fullwidth.jpg);background-repeat: no-repeat; background-size: cover;background-position: center center;\"><div class=\"container\">[vc_column_text]<\/p>\n<h2 style=\"text-align: center;\">Unsere Geschichte<\/h2>\n<p>[\/vc_column_text][vc_row_inner][vc_column_inner width=&#8220;1\/2&#8243;][vc_column_text]<span style=\"color: #ffffff;\">Divin Porcello Family im Ossola-Gebiet ist ein einheimisches Hotelrestaurant mit eigener Wurstwarenherstellung und einer eigenen Vinothek.<br \/>\nDas Hotelrestaurant wurde 1990 in Masera (VB) dank der Initiative von Massimo Sartoretti, Sohn und Neffe von Giovanni und Pierino, gegr\u00fcndet, die bereits seit 1950 Metzger und Wurstwarenhersteller sind. Massimos Philosophie ist es, die alten kulinarischen Traditionen des Ossola-Gebiets mit zeitgem\u00e4\u00dfen Mitteln und einem modernen Bewusstsein aufzuwerten und sie in einer modernen Version anzubieten.<br \/>\nDank der Erfahrung seines Gro\u00dfvaters und Vaters auf dem Gebiet von Fleisch und Wurstwaren wird Divin Porcello sofort zu einem Bezugspunkt f\u00fcr Genie\u00dfer dieser Produkte. Das in einer Berglandschaft eingebettete Restaurant bietet Hausmannkost in einem rustikalen Ambiente, besitzt aber gleichzeitig alle Sicherheitseinrichtungen f\u00fcr optimale Luft- oder Wasserqualit\u00e4t. Die Wurstwarenherstellung wird auch von der n\u00e4chsten Generation, Mara, Massimos Schwester, fortgef\u00fchrt. Das stetige Wachsen des Restaurants erlaubt der Familie Sartoretti, das Gesch\u00e4ft mit Charakter und Qualit\u00e4t zu variieren und das Angebot heute mit der Er\u00f6ffnung der Weinhandlung Divin Porcello in Domodossola zu erweitern.[\/vc_column_text][\/vc_column_inner][vc_column_inner width=&#8220;1\/2&#8243;][vc_gallery interval=&#8220;3&#8243; images=&#8220;9819,9817,9704,9823,9968&#8243; img_size=&#8220;large&#8220;][\/vc_column_inner][\/vc_row_inner]<\/div><\/div>[\/vc_column][\/vc_row][vc_row el_class=&#8220;top-attached&#8220; css=&#8220;.vc_custom_1603698238214{margin-bottom: -60px !important;}&#8220;][vc_column]<div class=\"fullwidth-block clearfix\" style=\"background-color: #f2f1ed;background-position: center top;\"><div class=\"container\">[vc_column_text]<\/p>\n<h2 class=\"styled-title\" style=\"text-align: center;\">Von Divin Procello zu Ihnen nach Hause<\/h2>\n<p style=\"text-align: center;\">Ab heute k\u00f6nnen Sie bequem von zu Hause aus die Produkte des Divin Porcello bestellen, gesunde und hausgemachte Wurstwaren, glutenfrei f\u00fcr Intolerante, Weine und Spirituosen.<\/p>\n<p style=\"text-align: center;\">Besuchen Sie jetzt unseren ON-LINE-SHOP!<\/p>\n<p>[\/vc_column_text]<\/div><\/div>[\/vc_column][\/vc_row][vc_row][vc_column][vc_column_text]<\/p>\n<h2 style=\"text-align: center;\">Abonniere unseren Newsletter<\/h2>\n<p style=\"text-align: center;\">Folgen Sie allen unseren Aktionen<\/p>\n<p style=\"text-align: center;\"><script>(function() {\n\twindow.mc4wp = window.mc4wp || {\n\t\tlisteners: [],\n\t\tforms: {\n\t\t\ton: function(evt, cb) {\n\t\t\t\twindow.mc4wp.listeners.push(\n\t\t\t\t\t{\n\t\t\t\t\t\tevent   : evt,\n\t\t\t\t\t\tcallback: cb\n\t\t\t\t\t}\n\t\t\t\t);\n\t\t\t}\n\t\t}\n\t}\n})();\n<\/script><!-- Mailchimp for WordPress v4.12.1 - https:\/\/wordpress.org\/plugins\/mailchimp-for-wp\/ --><form id=\"mc4wp-form-1\" class=\"mc4wp-form mc4wp-form-11615\" method=\"post\" data-id=\"11615\" data-name=\"RIMANI SEMPRE AGGIORNATO\" ><div class=\"mc4wp-form-fields\"><p>\r\n\t<label>Indirizzo email: <\/label>\r\n\t<input type=\"email\" name=\"EMAIL\" placeholder=\"Il tuo indirizzo email\" required \/>\r\n<\/p>\r\n\r\n<p>\r\n\t<input type=\"submit\" value=\"Iscriviti\" \/>\r\n<\/p><\/div><label style=\"display: none !important;\">Wenn du ein Mensch bist, lasse das Feld leer: <input type=\"text\" name=\"_mc4wp_honeypot\" value=\"\" tabindex=\"-1\" autocomplete=\"off\" \/><\/label><input type=\"hidden\" name=\"_mc4wp_timestamp\" value=\"1776600233\" \/><input type=\"hidden\" name=\"_mc4wp_form_id\" value=\"11615\" \/><input type=\"hidden\" name=\"_mc4wp_form_element_id\" value=\"mc4wp-form-1\" \/><div class=\"mc4wp-response\"><\/div><\/form><!-- \/ Mailchimp for WordPress Plugin --><\/p>\n<p>[\/vc_column_text][\/vc_column][\/vc_row]<\/p>\n","protected":false},"excerpt":{"rendered":"<p>[vc_row][vc_column][vc_column_text] Divin Porcello Family Gastfreundschaft, Gastronomie, Hotelzimmer, Shuttle-Service, eine eigene Wurstwarenherstellung und Weinhandlung! Alles familiengef\u00fchrt! Das Ossola-Gebiet, wie Sie es&#8230;<\/p>\n","protected":false},"author":1,"featured_media":0,"parent":0,"menu_order":0,"comment_status":"closed","ping_status":"closed","template":"","meta":[],"aioseo_notices":[],"_links":{"self":[{"href":"https:\/\/divinporcello.it\/de\/wp-json\/wp\/v2\/pages\/11000"}],"collection":[{"href":"https:\/\/divinporcello.it\/de\/wp-json\/wp\/v2\/pages"}],"about":[{"href":"https:\/\/divinporcello.it\/de\/wp-json\/wp\/v2\/types\/page"}],"author":[{"embeddable":true,"href":"https:\/\/divinporcello.it\/de\/wp-json\/wp\/v2\/users\/1"}],"replies":[{"embeddable":true,"href":"https:\/\/divinporcello.it\/de\/wp-json\/wp\/v2\/comments?post=11000"}],"version-history":[{"count":5,"href":"https:\/\/divinporcello.it\/de\/wp-json\/wp\/v2\/pages\/11000\/revisions"}],"predecessor-version":[{"id":11779,"href":"https:\/\/divinporcello.it\/de\/wp-json\/wp\/v2\/pages\/11000\/revisions\/11779"}],"wp:attachment":[{"href":"https:\/\/divinporcello.it\/de\/wp-json\/wp\/v2\/media?parent=11000"}],"curies":[{"name":"wp","href":"https:\/\/api.w.org\/{rel}","templated":true}]}}