{"id":11700,"date":"2020-08-13T14:19:15","date_gmt":"2020-08-13T12:19:15","guid":{"rendered":"https:\/\/shop.divinporcello.it\/prodotto\/cacciatori-wurste\/"},"modified":"2022-09-09T10:47:45","modified_gmt":"2022-09-09T08:47:45","slug":"cacciatori-wurste","status":"publish","type":"product","link":"https:\/\/divinporcello.it\/de\/prodotto\/cacciatori-wurste\/","title":{"rendered":"CACCIATORI &#8211; W\u00dcRSTE"},"content":{"rendered":"","protected":false},"excerpt":{"rendered":"<p>Kleine, mittelk\u00f6rnige W\u00fcrste, mit derselben Masse wie die der Salami. Ideal f\u00fcr einen schnellen und leckeren Imbiss!<br \/>\nDie Cacciatori-W\u00fcrste reifen auf nat\u00fcrliche Weise 60 Tage lang im Keller.<\/p>\n","protected":false},"featured_media":11165,"template":"","meta":[],"product_cat":[224],"product_tag":[],"aioseo_notices":[],"_links":{"self":[{"href":"https:\/\/divinporcello.it\/de\/wp-json\/wp\/v2\/product\/11700"}],"collection":[{"href":"https:\/\/divinporcello.it\/de\/wp-json\/wp\/v2\/product"}],"about":[{"href":"https:\/\/divinporcello.it\/de\/wp-json\/wp\/v2\/types\/product"}],"wp:featuredmedia":[{"embeddable":true,"href":"https:\/\/divinporcello.it\/de\/wp-json\/wp\/v2\/media\/11165"}],"wp:attachment":[{"href":"https:\/\/divinporcello.it\/de\/wp-json\/wp\/v2\/media?parent=11700"}],"wp:term":[{"taxonomy":"product_cat","embeddable":true,"href":"https:\/\/divinporcello.it\/de\/wp-json\/wp\/v2\/product_cat?post=11700"},{"taxonomy":"product_tag","embeddable":true,"href":"https:\/\/divinporcello.it\/de\/wp-json\/wp\/v2\/product_tag?post=11700"}],"curies":[{"name":"wp","href":"https:\/\/api.w.org\/{rel}","templated":true}]}}