{"id":11737,"date":"2020-02-28T17:08:25","date_gmt":"2020-02-28T16:08:25","guid":{"rendered":"https:\/\/shop.divinporcello.it\/prodotto\/alpenbitter\/"},"modified":"2020-02-28T17:08:25","modified_gmt":"2020-02-28T16:08:25","slug":"alpenbitter","status":"publish","type":"product","link":"https:\/\/divinporcello.it\/de\/prodotto\/alpenbitter\/","title":{"rendered":"ALPENBITTER"},"content":{"rendered":"","protected":false},"excerpt":{"rendered":"<p>Der Bitterlik\u00f6r wird durch das Abkochen von edlen, in unseren Alpen zahlreich vorkommenden Kr\u00e4utern gewonnen, die die verdauungsf\u00f6rdernden Eigenschaften mit den Aromen unserer T\u00e4ler kombinieren.<\/p>\n","protected":false},"featured_media":11470,"template":"","meta":[],"product_cat":[215],"product_tag":[],"aioseo_notices":[],"_links":{"self":[{"href":"https:\/\/divinporcello.it\/de\/wp-json\/wp\/v2\/product\/11737"}],"collection":[{"href":"https:\/\/divinporcello.it\/de\/wp-json\/wp\/v2\/product"}],"about":[{"href":"https:\/\/divinporcello.it\/de\/wp-json\/wp\/v2\/types\/product"}],"wp:featuredmedia":[{"embeddable":true,"href":"https:\/\/divinporcello.it\/de\/wp-json\/wp\/v2\/media\/11470"}],"wp:attachment":[{"href":"https:\/\/divinporcello.it\/de\/wp-json\/wp\/v2\/media?parent=11737"}],"wp:term":[{"taxonomy":"product_cat","embeddable":true,"href":"https:\/\/divinporcello.it\/de\/wp-json\/wp\/v2\/product_cat?post=11737"},{"taxonomy":"product_tag","embeddable":true,"href":"https:\/\/divinporcello.it\/de\/wp-json\/wp\/v2\/product_tag?post=11737"}],"curies":[{"name":"wp","href":"https:\/\/api.w.org\/{rel}","templated":true}]}}