{"id":11742,"date":"2020-02-27T15:49:25","date_gmt":"2020-02-27T14:49:25","guid":{"rendered":"https:\/\/shop.divinporcello.it\/prodotto\/vino-rosato-testa-rusa\/"},"modified":"2020-02-27T15:49:25","modified_gmt":"2020-02-27T14:49:25","slug":"vino-rosato-testa-rusa","status":"publish","type":"product","link":"https:\/\/divinporcello.it\/de\/prodotto\/vino-rosato-testa-rusa\/","title":{"rendered":"VINO ROSATO TESTA R\u00dcSA"},"content":{"rendered":"","protected":false},"excerpt":{"rendered":"<p>Ossolanischer Ros\u00e9wein mit Zwiebelschalenfarbe; das Bouquet ist \u00e4therisch und anhaltend mit Noten von Beeren, am Gaumen ausgewogen mit guter Struktur.<\/p>\n","protected":false},"featured_media":11365,"template":"","meta":[],"product_cat":[226],"product_tag":[],"aioseo_notices":[],"_links":{"self":[{"href":"https:\/\/divinporcello.it\/de\/wp-json\/wp\/v2\/product\/11742"}],"collection":[{"href":"https:\/\/divinporcello.it\/de\/wp-json\/wp\/v2\/product"}],"about":[{"href":"https:\/\/divinporcello.it\/de\/wp-json\/wp\/v2\/types\/product"}],"wp:featuredmedia":[{"embeddable":true,"href":"https:\/\/divinporcello.it\/de\/wp-json\/wp\/v2\/media\/11365"}],"wp:attachment":[{"href":"https:\/\/divinporcello.it\/de\/wp-json\/wp\/v2\/media?parent=11742"}],"wp:term":[{"taxonomy":"product_cat","embeddable":true,"href":"https:\/\/divinporcello.it\/de\/wp-json\/wp\/v2\/product_cat?post=11742"},{"taxonomy":"product_tag","embeddable":true,"href":"https:\/\/divinporcello.it\/de\/wp-json\/wp\/v2\/product_tag?post=11742"}],"curies":[{"name":"wp","href":"https:\/\/api.w.org\/{rel}","templated":true}]}}