{"id":11745,"date":"2020-02-27T16:22:40","date_gmt":"2020-02-27T15:22:40","guid":{"rendered":"https:\/\/shop.divinporcello.it\/prodotto\/psb-rotwein\/"},"modified":"2020-02-27T16:22:40","modified_gmt":"2020-02-27T15:22:40","slug":"psb-rotwein","status":"publish","type":"product","link":"https:\/\/divinporcello.it\/de\/prodotto\/psb-rotwein\/","title":{"rendered":"PSB ROTWEIN"},"content":{"rendered":"","protected":false},"excerpt":{"rendered":"<p>Ossolanischer Rotwein, der aus einer Mischung regionaltypischer und Trauben gewonnen wird. Dunkelgranatrote Farbe, intensives und anhaltendes Bouquet von reifen Fr\u00fcchten, Konfit\u00fcre und Gew\u00fcrzen.<\/p>\n<p>Am Gaumen ist er tanninreich, frisch und von mittlerer Struktur.<\/p>\n","protected":false},"featured_media":11383,"template":"","meta":[],"product_cat":[226],"product_tag":[],"aioseo_notices":[],"_links":{"self":[{"href":"https:\/\/divinporcello.it\/de\/wp-json\/wp\/v2\/product\/11745"}],"collection":[{"href":"https:\/\/divinporcello.it\/de\/wp-json\/wp\/v2\/product"}],"about":[{"href":"https:\/\/divinporcello.it\/de\/wp-json\/wp\/v2\/types\/product"}],"wp:featuredmedia":[{"embeddable":true,"href":"https:\/\/divinporcello.it\/de\/wp-json\/wp\/v2\/media\/11383"}],"wp:attachment":[{"href":"https:\/\/divinporcello.it\/de\/wp-json\/wp\/v2\/media?parent=11745"}],"wp:term":[{"taxonomy":"product_cat","embeddable":true,"href":"https:\/\/divinporcello.it\/de\/wp-json\/wp\/v2\/product_cat?post=11745"},{"taxonomy":"product_tag","embeddable":true,"href":"https:\/\/divinporcello.it\/de\/wp-json\/wp\/v2\/product_tag?post=11745"}],"curies":[{"name":"wp","href":"https:\/\/api.w.org\/{rel}","templated":true}]}}