{"id":10676,"date":"2019-12-09T14:22:03","date_gmt":"2019-12-09T13:22:03","guid":{"rendered":"https:\/\/shop.divinporcello.it\/le-nostre-sale\/"},"modified":"2020-12-22T11:16:46","modified_gmt":"2020-12-22T10:16:46","slug":"le-nostre-sale","status":"publish","type":"page","link":"https:\/\/divinporcello.it\/fr\/le-nostre-sale\/","title":{"rendered":"NOS SALLES"},"content":{"rendered":"<p>[vc_row][vc_column][vc_column_text]<\/p>\n<h2 style=\"text-align: center;\">L\u2019\u00e9quipe et la cuisine<\/h2>\n<p>[\/vc_column_text][vc_row_inner][vc_column_inner width=\u00a0\u00bb1\/2&Prime;][vc_gallery interval=\u00a0\u00bb3&Prime; images=\u00a0\u00bb10579,10145&Prime; img_size=\u00a0\u00bblarge\u00a0\u00bb][\/vc_column_inner][vc_column_inner width=\u00a0\u00bb1\/2&Prime;][vc_column_text]L\u2019\u00e9quipe irrempla\u00e7able et la cuisine, o\u00f9 le Chef Gianfranco Tonossi, avec l\u2019aide de Soufiane Najoui, pr\u00e9parent les plats que vous aimez d\u00e9guster, dans un environnement compl\u00e8tement exempt de gaz, g\u00e9r\u00e9 uniquement par le courant \u00e9lectrique pour am\u00e9liorer la qualit\u00e9 et abattre les \u00e9missions toxiques. La cuisine o\u00f9 tradition rime avec innovation.[\/vc_column_text][\/vc_column_inner][\/vc_row_inner][\/vc_column][\/vc_row][vc_row][vc_column][vc_column_text]<\/p>\n<h2 style=\"text-align: center;\">La salle Rovere<\/h2>\n<p>[\/vc_column_text][vc_row_inner][vc_column_inner width=\u00a0\u00bb1\/2&Prime;][vc_column_text]Les murs tr\u00e8s suggestifs en pierre, les anciennes cr\u00e9dences en bois massif et la colonne centrale en gneiss micac\u00e9, cr\u00e9ent une atmosph\u00e8re magique pour un d\u00e9jeuner ou un diner, qu\u2019il s\u2019agisse d\u2019un repas de travail ou, tout simplement, entre amis. Une branche de vigne en fer forg\u00e9 ins\u00e9r\u00e9e sur le plateau de la grande table en ch\u00eane massif caract\u00e9rise cette salle, tout en rappelant la passion de la famille Sartoretti pour le vin.[\/vc_column_text][\/vc_column_inner][vc_column_inner width=\u00a0\u00bb1\/2&Prime;][vc_gallery interval=\u00a0\u00bb3&Prime; images=\u00a0\u00bb9875,9876,9825&Prime; img_size=\u00a0\u00bblarge\u00a0\u00bb][\/vc_column_inner][\/vc_row_inner][\/vc_column][\/vc_row][vc_row][vc_column][vc_column_text]<\/p>\n<h2 style=\"text-align: center;\">La salle Enoteca<\/h2>\n<p>[\/vc_column_text][vc_row_inner][vc_column_inner width=\u00a0\u00bb1\/2&Prime;][vc_gallery interval=\u00a0\u00bb3&Prime; images=\u00a0\u00bb9812,9573&Prime; img_size=\u00a0\u00bblarge\u00a0\u00bb][\/vc_column_inner][vc_column_inner width=\u00a0\u00bb1\/2&Prime;][vc_column_text]Cette salle situ\u00e9e au sous-sol poss\u00e8de des plafonds vo\u00fbt\u00e9s r\u00e9cemment restaur\u00e9s; elle se compose de 2 grandes tables et peut contenir jusqu\u2019\u00e0 18 personnes. Les caisses et les bouteilles expos\u00e9es sur tout le p\u00e9rim\u00e8tre sont tr\u00e8s suggestives.[\/vc_column_text][\/vc_column_inner][\/vc_row_inner][\/vc_column][\/vc_row][vc_row][vc_column][vc_column_text]<\/p>\n<h2 style=\"text-align: center;\">La salle Cantina<\/h2>\n<p>[\/vc_column_text][vc_row_inner][vc_column_inner width=\u00a0\u00bb1\/2&Prime;][vc_column_text]La salle Cantina se situe au sous-sol, imm\u00e9diatement sur la gauche. Cette salle est caract\u00e9ris\u00e9e par une table datant du 19\u00e8me si\u00e8cle, rev\u00eatue d\u2019un plateau en verre. Gr\u00e2ce aux baies vitr\u00e9es, vous pourrez admirer les deux caves, l\u2019une, d\u00e9di\u00e9e aux vins et, l\u2019autre, aux fromages\u00a0; dans cette derni\u00e8re, il est possible de d\u00e9nicher le c\u00e9l\u00e8bre fromage \u201cBettelmatt\u201d avec plusieurs ann\u00e9es diff\u00e9rentes d\u2019affinage, sans oublier d\u2019autres sp\u00e9cialit\u00e9s fromag\u00e8res typiques.[\/vc_column_text][\/vc_column_inner][vc_column_inner width=\u00a0\u00bb1\/2&Prime;][vc_gallery interval=\u00a0\u00bb3&Prime; images=\u00a0\u00bb10104,10113,10107,9818&Prime; img_size=\u00a0\u00bblarge\u00a0\u00bb][\/vc_column_inner][\/vc_row_inner][\/vc_column][\/vc_row][vc_row][vc_column][vc_column_text]<\/p>\n<h2 style=\"text-align: center;\">La salle Stube<\/h2>\n<p>[\/vc_column_text][vc_row_inner][vc_column_inner width=\u00a0\u00bb1\/2&Prime;][vc_gallery interval=\u00a0\u00bb3&Prime; images=\u00a0\u00bb9874&Prime; img_size=\u00a0\u00bblarge\u00a0\u00bb css=\u00a0\u00bb.vc_custom_1579082794612{margin-bottom: 60px !important;}\u00a0\u00bb][\/vc_column_inner][vc_column_inner width=\u00a0\u00bb1\/2&Prime;][vc_column_text]Stube signifie chemin\u00e9e. Cette salle accueillante se situe \u00e9galement au sous-sol et peut accueillir jusqu\u2019\u00e0 20 personnes, elle est d\u00e9cor\u00e9e sur les c\u00f4t\u00e9s avec de grands arcs en pierre. L\u2019effet est tr\u00e8s suggestif, surtout en hiver, lorsque feu est allum\u00e9 et cr\u00e9e l\u2019atmosph\u00e8re chaleureuse typique des montagnes.[\/vc_column_text][\/vc_column_inner][\/vc_row_inner][\/vc_column][\/vc_row][vc_row][vc_column][vc_column_text]<\/p>\n<h2 style=\"text-align: center;\">La Saletta<\/h2>\n<p>[\/vc_column_text][vc_row_inner][vc_column_inner width=\u00a0\u00bb1\/2&Prime;][vc_column_text]A l\u2019origine, cette pi\u00e8ce, dont le sol et le plafond sont en bois avec des poutres apparentes, abritait la toute premi\u00e8re cuisine. Ensuite, elle a \u00e9t\u00e9 am\u00e9nag\u00e9e pour contenir jusqu\u2019\u00e0 14 convives.[\/vc_column_text][\/vc_column_inner][vc_column_inner width=\u00a0\u00bb1\/2&Prime;][vc_gallery interval=\u00a0\u00bb3&Prime; images=\u00a0\u00bb10091,10092,10093,10094&Prime; img_size=\u00a0\u00bblarge\u00a0\u00bb][\/vc_column_inner][\/vc_row_inner][\/vc_column][\/vc_row][vc_row][vc_column][vc_column_text]<\/p>\n<h2 style=\"text-align: center;\">La salle principale<\/h2>\n<p>[\/vc_column_text][vc_row_inner][vc_column_inner width=\u00a0\u00bb1\/2&Prime;][vc_gallery interval=\u00a0\u00bb3&Prime; images=\u00a0\u00bb10085,10086,10087,10088,10089&Prime; img_size=\u00a0\u00bblarge\u00a0\u00bb css=\u00a0\u00bb.vc_custom_1600060257907{margin-bottom: 0px !important;}\u00a0\u00bb][\/vc_column_inner][vc_column_inner width=\u00a0\u00bb1\/2&Prime;][vc_column_text]La salle principale est la premi\u00e8re salle que nous rencontrons. Elle est d\u00e9cor\u00e9e dans le style typique du Val d\u2019Ossola, avec des murs en pierre, des tableaux anciens et un plafond en bois avec des poutres apparentes. Cette salle est toujours op\u00e9rationnelle et peut contenir environ 30 personnes.[\/vc_column_text][\/vc_column_inner][\/vc_row_inner][\/vc_column][\/vc_row][vc_row][vc_column][vc_column_text]<\/p>\n<h2 style=\"text-align: center;\">La v\u00e9randa balcon<\/h2>\n<p>[\/vc_column_text][vc_row_inner][vc_column_inner width=\u00a0\u00bb1\/2&Prime;][vc_column_text]La v\u00e9randa balcon se trouve sur le m\u00eame niveau que la salle principale, \u00e0 partir de laquelle on y acc\u00e8de. Elle est tr\u00e8s originale et confortable. Durant les soir\u00e9es d\u2019\u00e9t\u00e9, celle-ci devient un espace de fra\u00eecheur en p\u00e9riode de chaleur.[\/vc_column_text][\/vc_column_inner][vc_column_inner width=\u00a0\u00bb1\/2&Prime;][vc_gallery interval=\u00a0\u00bb3&Prime; images=\u00a0\u00bb9883&Prime; img_size=\u00a0\u00bblarge\u00a0\u00bb][\/vc_column_inner][\/vc_row_inner][\/vc_column][\/vc_row][vc_row][vc_column][vc_column_text]<\/p>\n<h2 style=\"text-align: center;\">Le Jardin d\u2019\u00e9t\u00e9<\/h2>\n<p>[\/vc_column_text][vc_row_inner][vc_column_inner width=\u00a0\u00bb1\/2&Prime;][vc_gallery interval=\u00a0\u00bb3&Prime; images=\u00a0\u00bb9886,9887,9884,9885&Prime; img_size=\u00a0\u00bblarge\u00a0\u00bb][\/vc_column_inner][vc_column_inner width=\u00a0\u00bb1\/2&Prime;][vc_column_text]Le jardin se trouve en face du restaurant et est utilis\u00e9 pour les ap\u00e9ritifs. A l\u2019abri des intemp\u00e9ries, il est possible d\u2019y d\u00e9guster d\u2019excellents vins et toutes sortes de sp\u00e9cialit\u00e9s du Val d\u2019Ossola, \u00e0 l\u2019ombre de la vigne tout en admirant le panorama du fond de la vall\u00e9e d\u2019Ossola et, au centre, Domodossola.[\/vc_column_text][\/vc_column_inner][\/vc_row_inner][\/vc_column][\/vc_row]<\/p>\n","protected":false},"excerpt":{"rendered":"<p>[vc_row][vc_column][vc_column_text] L\u2019\u00e9quipe et la cuisine [\/vc_column_text][vc_row_inner][vc_column_inner width=\u00a0\u00bb1\/2&Prime;][vc_gallery interval=\u00a0\u00bb3&Prime; images=\u00a0\u00bb10579,10145&Prime; img_size=\u00a0\u00bblarge\u00a0\u00bb][\/vc_column_inner][vc_column_inner width=\u00a0\u00bb1\/2&Prime;][vc_column_text]L\u2019\u00e9quipe irrempla\u00e7able et la cuisine, o\u00f9 le Chef Gianfranco Tonossi,&#8230;<\/p>\n","protected":false},"author":1,"featured_media":0,"parent":0,"menu_order":0,"comment_status":"closed","ping_status":"closed","template":"","meta":[],"aioseo_notices":[],"_links":{"self":[{"href":"https:\/\/divinporcello.it\/fr\/wp-json\/wp\/v2\/pages\/10676"}],"collection":[{"href":"https:\/\/divinporcello.it\/fr\/wp-json\/wp\/v2\/pages"}],"about":[{"href":"https:\/\/divinporcello.it\/fr\/wp-json\/wp\/v2\/types\/page"}],"author":[{"embeddable":true,"href":"https:\/\/divinporcello.it\/fr\/wp-json\/wp\/v2\/users\/1"}],"replies":[{"embeddable":true,"href":"https:\/\/divinporcello.it\/fr\/wp-json\/wp\/v2\/comments?post=10676"}],"version-history":[{"count":1,"href":"https:\/\/divinporcello.it\/fr\/wp-json\/wp\/v2\/pages\/10676\/revisions"}],"predecessor-version":[{"id":11646,"href":"https:\/\/divinporcello.it\/fr\/wp-json\/wp\/v2\/pages\/10676\/revisions\/11646"}],"wp:attachment":[{"href":"https:\/\/divinporcello.it\/fr\/wp-json\/wp\/v2\/media?parent=10676"}],"curies":[{"name":"wp","href":"https:\/\/api.w.org\/{rel}","templated":true}]}}