{"id":10712,"date":"2019-12-09T14:22:33","date_gmt":"2019-12-09T13:22:33","guid":{"rendered":"https:\/\/shop.divinporcello.it\/menu-2\/"},"modified":"2024-04-12T20:27:48","modified_gmt":"2024-04-12T18:27:48","slug":"menu-2","status":"publish","type":"page","link":"https:\/\/divinporcello.it\/fr\/menu-2\/","title":{"rendered":"MEN\u00d9"},"content":{"rendered":"<p>[vc_row][vc_column][vc_column_text]<\/p>\n<h2 style=\"text-align: center;\"><strong>HORS D\u2019OEUVRE<\/strong><\/h2>\n<p>[\/vc_column_text][vc_row_inner][vc_column_inner width=\u00a0\u00bb1\/2&Prime;][vc_column_text]<\/p>\n<h3>Le plateau de Mastro Giovanni<\/h3>\n<p>Jambum de Masera, Salami,\u00a0Mortadelle du Val d\u2019Ossola,\u00a0Lumbar e Lard, Pancetta,\u00a0Lard aux herbes, Brisaola\u00a0du Val d\u2019Ossola, Coppa aux herbes[\/vc_column_text][\/vc_column_inner][vc_column_inner width=\u00a0\u00bb1\/2&Prime;][vc_column_text]<\/p>\n<h3 style=\"text-align: left;\">Tris d\u2019Hors d\u2019\u0153uvre<\/h3>\n<ul>\n<li><span style=\"font-family: Calibri, serif;\"><span lang=\"fr-FR\">Saucisson de t\u00eate press\u00e9e<\/span><\/span><\/li>\n<li><span style=\"font-family: Calibri, serif;\"><span lang=\"fr-FR\">Joue au romarin<\/span><\/span><\/li>\n<li><span style=\"font-family: Calibri, serif;\"><span lang=\"fr-FR\">Filet de porc aux herbes<\/span><\/span><\/li>\n<\/ul>\n<p>[\/vc_column_text][\/vc_column_inner][\/vc_row_inner][vc_row_inner][vc_column_inner width=\u00a0\u00bb1\/2&Prime;][vc_column_text]<\/p>\n<h3>S\u00e9lection de gibier<\/h3>\n<p>Assiette\u00a0de charcuteries de gibiers, cerf, daim, sanglier, chevreuil et poitrine d\u2019oie, en fonction de la saison[\/vc_column_text][\/vc_column_inner][vc_column_inner width=\u00a0\u00bb1\/2&Prime;][\/vc_column_inner][\/vc_row_inner][\/vc_column][\/vc_row][vc_row][vc_column][vc_column_text]<\/p>\n<h2 style=\"text-align: center;\"><strong>ENTR\u00c9ES<\/strong><\/h2>\n<p>[\/vc_column_text][vc_row_inner][vc_column_inner width=\u00a0\u00bb1\/2&Prime;][vc_column_text]<\/p>\n<h3>GNOCCHIS DU VAL D\u2019OSSOLA \u00c0 L\u2019ANCIENNE<\/h3>\n<p>Pr\u00e9paration \u00e0 base de farine de ch\u00e2taignes et de potiron, napp\u00e9e d\u2019une sauce \u00e0 base de jus de viandes r\u00f4ties et de fromage du terroir fondu[\/vc_column_text][\/vc_column_inner][vc_column_inner width=\u00a0\u00bb1\/2&Prime;][vc_column_text]<\/p>\n<h3 style=\"text-align: left;\">RAVIOLIS ou AGNOLOTTIS<\/h3>\n<p style=\"text-align: left;\">En fonction de la saison, ils sont servis avec un ragout de cerf, ou avec le Rag\u00f9 del Divin\u00a0(sauce \u00e0 base de chair \u00e0 saucisse), des c\u00e8pes, des asperges, une cr\u00e8me de potiron et du radicchio<\/p>\n<p>[\/vc_column_text][\/vc_column_inner][\/vc_row_inner][vc_row_inner][vc_column_inner width=\u00a0\u00bb1\/2&Prime;][vc_column_text]<\/p>\n<h3>POTAGES ET BOUILLONS<\/h3>\n<p>Pr\u00e9par\u00e9s conform\u00e9ment aux anciennes recettes de Nonna Mari[\/vc_column_text][\/vc_column_inner][vc_column_inner width=\u00a0\u00bb1\/2&Prime;][vc_column_text]<\/p>\n<h3 style=\"text-align: left;\">RISOTTOS<\/h3>\n<ul>\n<li><span style=\"font-family: Calibri, serif;\"><span lang=\"fr-FR\">Aux c\u00e8pes<\/span><\/span><\/li>\n<li><span style=\"font-family: Calibri, serif;\"><span lang=\"fr-FR\">Au Prunent (vin rouge du Val d\u2019Ossola)<\/span><\/span><\/li>\n<li><span style=\"font-family: Calibri, serif;\"><span lang=\"fr-FR\">Au fromage Grana et au lard<\/span><\/span><\/li>\n<li><span style=\"font-family: Calibri, serif;\"><span lang=\"fr-FR\">Aux fraises<\/span><\/span><\/li>\n<\/ul>\n<p>[\/vc_column_text][\/vc_column_inner][\/vc_row_inner][\/vc_column][\/vc_row][vc_row][vc_column][vc_column_text]<\/p>\n<h2 style=\"text-align: center;\"><strong>LAUSCERA DEL DIVIN PORCELLO<\/strong><\/h2>\n<p>[\/vc_column_text][vc_row_inner][vc_column_inner][vc_column_text]Ce plat est servi sur une pierre ollaire chaude, sur laquelle il est possible de cuire du filet et de l\u2019\u00e9chine de porc directement \u00e0 table. Il s\u2019agit d\u2019une viande, sans graisse ni cholest\u00e9rol, qui reste tendre et tr\u00e8s savoureuse lors de la cuisson et qui s\u2019adapte parfaitement \u00e0 une alimentation moderne[\/vc_column_text][\/vc_column_inner][\/vc_row_inner][\/vc_column][\/vc_row][vc_row][vc_column][vc_column_text]<\/p>\n<h2 style=\"text-align: center;\"><strong>CELTICA DEL DIVIN PORCELLO<\/strong><\/h2>\n<p>[\/vc_column_text][vc_row_inner][vc_column_inner][vc_column_text]C\u00f4te de 1,5 &#8211; 1,7 kg\u00a0de Fassona de race pi\u00e9montaise, femelle, maturation minimum de 20 jours, grill\u00e9e au \u201cgrill-vapor\u201d[\/vc_column_text][\/vc_column_inner][\/vc_row_inner][\/vc_column][\/vc_row][vc_row][vc_column][vc_column_text]<\/p>\n<h2 style=\"text-align: center;\"><strong>VIANDES<\/strong><\/h2>\n<p>[\/vc_column_text][vc_row_inner][vc_column_inner width=\u00a0\u00bb1\/2&Prime;][vc_column_text]<\/p>\n<h3>GRILLEES SUR BRAISES<\/h3>\n<ul>\n<li><span style=\"font-family: Calibri, serif;\"><span lang=\"fr-FR\">Agneau grill\u00e9 \u00e0 la \u201cScottadito\u201d<\/span><\/span><\/li>\n<li><span style=\"font-family: Calibri, serif;\"><span lang=\"fr-FR\">Steak d\u2019aloyau de b\u0153uf<\/span><\/span><\/li>\n<li><span style=\"font-family: Calibri, serif;\"><span lang=\"fr-FR\">Steak aux c\u00e8pes<\/span><\/span><\/li>\n<li><span style=\"font-family: Calibri, serif;\"><span lang=\"fr-FR\">Filet de race \u201cPi\u00e9montaise\u201d<\/span><\/span><\/li>\n<li><span style=\"font-family: Calibri, serif;\"><span lang=\"fr-FR\">C\u00f4tes croquantes de cochon de lait cuisson lente<\/span><\/span><\/li>\n<\/ul>\n<p>[\/vc_column_text][\/vc_column_inner][vc_column_inner width=\u00a0\u00bb1\/2&Prime;][vc_column_text]<\/p>\n<h3>AUTRES SPECIALITES<\/h3>\n<ul>\n<li><span style=\"font-family: Calibri, serif;\"><span lang=\"fr-FR\">Filet de b\u0153uf au Bettelmatt<\/span><\/span><\/li>\n<li><span style=\"font-family: Calibri, serif;\"><span lang=\"fr-FR\">Filet de b\u0153uf aux noix et au miel<\/span><\/span><\/li>\n<li><span style=\"font-family: Calibri, serif;\"><span lang=\"fr-FR\">Sous-filet de race pi\u00e9montaise aux oignons rouges caram\u00e9lis\u00e9s<\/span><\/span><\/li>\n<li><span style=\"font-family: Calibri, serif;\"><span lang=\"fr-FR\">Filet de porc aux pommes caram\u00e9lis\u00e9es et au porto<\/span><\/span><\/li>\n<li><span style=\"font-family: Calibri, serif;\"><span lang=\"fr-FR\">C\u00f4te de cerf \u00e0 la grappa<\/span><\/span><\/li>\n<li><span style=\"font-family: Calibri, serif;\"><span lang=\"fr-FR\">Selle d\u2019agneau \u201cS\u00e9lection\u201d\u00a0gratin\u00e9e aux herbes<\/span><\/span><\/li>\n<li><span style=\"font-family: Calibri, serif;\"><span lang=\"fr-FR\">Poitrine de canard aux abricots cuisson \u00e0 basse temp\u00e9rature<\/span><\/span><\/li>\n<\/ul>\n<p>[\/vc_column_text][\/vc_column_inner][\/vc_row_inner][\/vc_column][\/vc_row][vc_row][vc_column][vc_column_text]<\/p>\n<h2 style=\"text-align: center;\"><strong>GRAN GRIGLIATA DEL DIVIN PORCELLO<\/strong><\/h2>\n<p>[\/vc_column_text][vc_row_inner][vc_column_inner][vc_column_text]C\u00f4telette de veau \u2013 Steak de b\u0153uf &#8211; Agneau &#8211; Saucisse &#8211; Aloyau &#8211; Saucissons &#8211; Collet\/C\u00f4tes &#8211; \u201cgrillade id\u00e9ale pour 2 personnes\u201d[\/vc_column_text][\/vc_column_inner][\/vc_row_inner][\/vc_column][\/vc_row][vc_row][vc_column][vc_column_text]<\/p>\n<h2 style=\"text-align: center;\"><strong>POISSONS<\/strong><\/h2>\n<p>[\/vc_column_text][vc_row_inner][vc_column_inner width=\u00a0\u00bb1\/2&Prime;][vc_column_text]Poissons de lac en fonction de la p\u00eache disponible<\/p>\n<ul>\n<li><span style=\"font-family: Calibri, serif;\"><span lang=\"fr-FR\">Grill\u00e9s<\/span><\/span><\/li>\n<li><span style=\"font-family: Calibri, serif;\"><span lang=\"fr-FR\">Au four<\/span><\/span><\/li>\n<li><span style=\"font-family: Calibri, serif;\"><span lang=\"fr-FR\">Beurre et sauge<\/span><\/span><\/li>\n<\/ul>\n<p>[\/vc_column_text][\/vc_column_inner][vc_column_inner width=\u00a0\u00bb1\/2&Prime;][vc_column_text]<\/p>\n<p align=\"justify\"><span style=\"font-family: Calibri, serif;\"><span lang=\"fr-FR\">Saumon des \u00celes F\u00e9ro\u00e9, s\u00e9lection de Claudio Cerati<\/span><\/span><\/p>\n<ul>\n<li><span style=\"font-family: Calibri, serif;\"><span lang=\"fr-FR\">Grill\u00e9 avec une sauce \u00e0 l\u2019orange<\/span><\/span><\/li>\n<li><span style=\"font-family: Calibri, serif;\"><span lang=\"fr-FR\">Au s\u00e9same et avec une sauce de soja<\/span><\/span><\/li>\n<\/ul>\n<p>[\/vc_column_text][\/vc_column_inner][\/vc_row_inner][\/vc_column][\/vc_row][vc_row][vc_column][vc_column_text]<\/p>\n<h2 style=\"text-align: center;\"><strong>GARNITURES ET GOURMANDISES<\/strong><\/h2>\n<p>[\/vc_column_text][vc_row_inner][vc_column_inner width=\u00a0\u00bb1\/2&Prime;][vc_column_text]<\/p>\n<ul>\n<li><span style=\"font-family: Calibri, serif;\"><span lang=\"fr-FR\">Pommes de terre au four<\/span><\/span><\/li>\n<li><span style=\"font-family: Calibri, serif;\"><span lang=\"fr-FR\">Salade verte ou salade mixte<\/span><\/span><\/li>\n<li><span style=\"font-family: Calibri, serif;\"><span lang=\"fr-FR\">L\u00e9gumes de saison \u00e0 la vapeur<\/span><\/span><\/li>\n<li><span style=\"font-family: Calibri, serif;\"><span lang=\"fr-FR\">Petit assortiment de l\u00e9gumes grill\u00e9s<\/span><\/span><\/li>\n<\/ul>\n<p>[\/vc_column_text][\/vc_column_inner][vc_column_inner width=\u00a0\u00bb1\/2&Prime;][vc_column_text]<\/p>\n<ul>\n<li><span style=\"font-family: Calibri, serif;\"><span lang=\"fr-FR\">Tommette <\/span><\/span><span style=\"font-family: Calibri, serif;\"><span lang=\"fr-FR\"><i>Formazzina<\/i><\/span><\/span><span style=\"font-family: Calibri, serif;\"><span lang=\"fr-FR\"> aux poires grill\u00e9es et au miel<\/span><\/span><\/li>\n<li><span style=\"font-family: Calibri, serif;\"><span lang=\"fr-FR\">Omelette au <\/span><\/span><span style=\"font-family: Calibri, serif;\"><span lang=\"fr-FR\"><i>Bettelmatt<\/i><\/span><\/span><\/li>\n<li><span style=\"font-family: Calibri, serif;\"><span lang=\"fr-FR\">Omelette aux orties <\/span><\/span><\/li>\n<li><span style=\"font-family: Calibri, serif;\"><span lang=\"fr-FR\">Tartare du Val d\u2019Ossola avec \u0153uf croustillant<\/span><\/span><\/li>\n<li><span style=\"font-family: Calibri, serif;\"><span lang=\"fr-FR\">Carpaccio de b\u0153uf aux poires et au <\/span><\/span><span style=\"font-family: Calibri, serif;\"><span lang=\"fr-FR\"><i>Bettelmatt<\/i><\/span><\/span> <span style=\"font-family: Calibri, serif;\"><span lang=\"fr-FR\"><i>r\u00e9serve<\/i><\/span><\/span><span style=\"font-family: Calibri, serif;\"><span lang=\"fr-FR\"> parfum\u00e9 au miel<\/span><\/span><\/li>\n<li><span style=\"font-family: Calibri, serif;\"><span lang=\"fr-FR\">Strudel au <\/span><\/span><span style=\"font-family: Calibri, serif;\"><span lang=\"fr-FR\"><i>Bettelmatt<\/i><\/span><\/span><\/li>\n<li><span style=\"font-family: Calibri, serif;\"><span lang=\"fr-FR\">Tartelette de Ricotta et courgettes parfum\u00e9es aux agrumes<\/span><\/span><\/li>\n<li><span style=\"font-family: Calibri, serif;\"><span lang=\"fr-FR\">Plateau de l\u00e9gumes grill\u00e9s avec sauce d\u00e9licate<\/span><\/span><\/li>\n<li><span style=\"font-family: Calibri, serif;\"><span lang=\"fr-FR\">Poitrine d\u2019oie fum\u00e9e au c\u00e9leri et au miel<\/span><\/span><\/li>\n<\/ul>\n<p>[\/vc_column_text][\/vc_column_inner][\/vc_row_inner][\/vc_column][\/vc_row][vc_row][vc_column][vc_column_text]<\/p>\n<h2 style=\"text-align: center;\"><strong>FROMAGES<\/strong><\/h2>\n<p>[\/vc_column_text][vc_row_inner][vc_column_inner][vc_column_text]Nous proposons une s\u00e9lection de fromages du Val d\u2019Ossola, en fonction de la production et de la saison: fromages de ch\u00e8vre frais, fromages de ch\u00e8vre affin\u00e9s, des Robiola aromatis\u00e9s, des Pecorino cr\u00e9meux ou affin\u00e9s, des Tommes du Val d\u2019Ossola de Fondovalle, du Cistellino, du Grasso d\u2019Alpe et du Bettelmatt[\/vc_column_text][\/vc_column_inner][\/vc_row_inner][\/vc_column][\/vc_row][vc_row][vc_column][vc_column_text]<\/p>\n<h2><\/h2>\n<h2><\/h2>\n<h2 style=\"text-align: center;\">Notre proposition de Menu de d\u00e9gustation<\/h2>\n<p>[\/vc_column_text][vc_row_inner][vc_column_inner][vc_column_text]Il est possible de d\u00e9guster le menu typique compos\u00e9 des plats de notre tradition, qui variera en fonction de la saison.<\/p>\n<p>Le menu typique comprend:<\/p>\n<ul>\n<li style=\"list-style-type: none;\">\n<ul>\n<li>1 hors d\u2019\u0153uvre<\/li>\n<li>2 entr\u00e9es<\/li>\n<li>2 plats de r\u00e9sistance<\/li>\n<li>Le dessert et le caf\u00e9<\/li>\n<\/ul>\n<\/li>\n<\/ul>\n<p>&nbsp;<\/p>\n<p>55,00 \u20ac par personne \u00e0 l\u2019exclusion des boissons.<\/p>\n<p>&nbsp;<\/p>\n<p>De l\u2019eau finement filtr\u00e9e est servie (eau potable trait\u00e9e conform\u00e9ment aux D.L. 31\/2001 181\/2003 25\/2012), de tr\u00e8s haute qualit\u00e9, produite instantan\u00e9ment avec les technologies et les programmes <strong>AQuachiara<\/strong>.<\/p>\n<p>Bouteille de 1 litre 2,00 \u20ac<\/p>\n<p>Bouteille d\u2019un demi-litre 1,00 \u20ac[\/vc_column_text][\/vc_column_inner][\/vc_row_inner][\/vc_column][\/vc_row]<\/p>\n","protected":false},"excerpt":{"rendered":"<p>[vc_row][vc_column][vc_column_text] HORS D\u2019OEUVRE [\/vc_column_text][vc_row_inner][vc_column_inner width=\u00a0\u00bb1\/2&Prime;][vc_column_text] Le plateau de Mastro Giovanni Jambum de Masera, Salami,\u00a0Mortadelle du Val d\u2019Ossola,\u00a0Lumbar e Lard, Pancetta,\u00a0Lard&#8230;<\/p>\n","protected":false},"author":1,"featured_media":0,"parent":0,"menu_order":0,"comment_status":"closed","ping_status":"closed","template":"","meta":[],"aioseo_notices":[],"_links":{"self":[{"href":"https:\/\/divinporcello.it\/fr\/wp-json\/wp\/v2\/pages\/10712"}],"collection":[{"href":"https:\/\/divinporcello.it\/fr\/wp-json\/wp\/v2\/pages"}],"about":[{"href":"https:\/\/divinporcello.it\/fr\/wp-json\/wp\/v2\/types\/page"}],"author":[{"embeddable":true,"href":"https:\/\/divinporcello.it\/fr\/wp-json\/wp\/v2\/users\/1"}],"replies":[{"embeddable":true,"href":"https:\/\/divinporcello.it\/fr\/wp-json\/wp\/v2\/comments?post=10712"}],"version-history":[{"count":3,"href":"https:\/\/divinporcello.it\/fr\/wp-json\/wp\/v2\/pages\/10712\/revisions"}],"predecessor-version":[{"id":13499,"href":"https:\/\/divinporcello.it\/fr\/wp-json\/wp\/v2\/pages\/10712\/revisions\/13499"}],"wp:attachment":[{"href":"https:\/\/divinporcello.it\/fr\/wp-json\/wp\/v2\/media?parent=10712"}],"curies":[{"name":"wp","href":"https:\/\/api.w.org\/{rel}","templated":true}]}}