{"id":10738,"date":"2019-12-09T14:22:54","date_gmt":"2019-12-09T13:22:54","guid":{"rendered":"https:\/\/shop.divinporcello.it\/vini\/"},"modified":"2020-12-22T11:34:20","modified_gmt":"2020-12-22T10:34:20","slug":"vini","status":"publish","type":"page","link":"https:\/\/divinporcello.it\/fr\/vini\/","title":{"rendered":"VINS"},"content":{"rendered":"<p>[vc_row][vc_column][vc_column_text]Vous pouvez choisir le vin directement sur une carte num\u00e9rique, vous recevrez le dispositif (iPad) \u00e0 table pour une consultation compl\u00e8te. Voici quelques \u00e9tiquettes que Divin Porcello a s\u00e9lectionn\u00e9 pour vous.[\/vc_column_text][vc_column_text]<\/p>\n<h2 style=\"text-align: center;\">BLANCS<\/h2>\n<p>[\/vc_column_text][vc_column_text]<\/p>\n<h3>GAVI \u2013 Villa Sparina<\/h3>\n<p>[\/vc_column_text][vc_row_inner][vc_column_inner width=\u00a0\u00bb1\/2&Prime;][vc_gallery interval=\u00a0\u00bb3&Prime; images=\u00a0\u00bb10439,10440&Prime; img_size=\u00a0\u00bblarge\u00a0\u00bb][\/vc_column_inner][vc_column_inner width=\u00a0\u00bb1\/2&Prime;][vc_column_text]<\/p>\n<p>Gavi del Comune di Gavi D.O.C.G.<\/p>\n<p>Robe jaune paille, nez pr\u00e9sentant d\u2019\u00e9l\u00e9gantes senteurs florales et d\u2019agr\u00e9ables notes fruit\u00e9es. Bouche riche, pleine, souple et enveloppante.<\/p>\n<p>[\/vc_column_text][\/vc_column_inner][\/vc_row_inner][\/vc_column][\/vc_row][vc_row][vc_column][vc_column_text]<\/p>\n<h3>BLANG\u00c9 \u2013 Ceretto<\/h3>\n<p>[\/vc_column_text][vc_row_inner][vc_column_inner width=\u00a0\u00bb1\/2&Prime;][vc_column_text]<\/p>\n<p>Langhe D.O.C. Arneis<\/p>\n<p>Vin biologique. Nez rappelant les fleurs blanches, la p\u00eache et les fruits tropicaux. Bouche riche et fruit\u00e9e, avec des notes de pomme, de poire, de p\u00eache, de vanille et de fruits tropicaux.<\/p>\n<p>[\/vc_column_text][\/vc_column_inner][vc_column_inner width=\u00a0\u00bb1\/2&Prime;][vc_gallery interval=\u00a0\u00bb3&Prime; images=\u00a0\u00bb10442,10443&Prime; img_size=\u00a0\u00bblarge\u00a0\u00bb][\/vc_column_inner][\/vc_row_inner][\/vc_column][\/vc_row][vc_row][vc_column][vc_column_text]<\/p>\n<h3>M\u00dcLLER THURGAU \u2013 Kettmeir<\/h3>\n<p>[\/vc_column_text][vc_row_inner][vc_column_inner width=\u00a0\u00bb1\/2&Prime;][vc_gallery interval=\u00a0\u00bb3&Prime; images=\u00a0\u00bb10444,10445&Prime; img_size=\u00a0\u00bblarge\u00a0\u00bb][\/vc_column_inner][vc_column_inner width=\u00a0\u00bb1\/2&Prime;][vc_column_text]<\/p>\n<p>Alto Adige D.O.C.<\/p>\n<p>Robe jaune paille clair, nez intense, aromatique, avec des senteurs de noix de muscade, d\u2019ortie et de p\u00eache blanche, bouche fraiche, pleine et longue.<\/p>\n<p>[\/vc_column_text][\/vc_column_inner][\/vc_row_inner][\/vc_column][\/vc_row][vc_row][vc_column][vc_column_text]<\/p>\n<h2 style=\"text-align: center;\">ROUGES<\/h2>\n<p>[\/vc_column_text][vc_column_text]<\/p>\n<h3>GIULIN \u2013 Accornero<\/h3>\n<p>[\/vc_column_text][vc_row_inner][vc_column_inner width=\u00a0\u00bb1\/2&Prime;][vc_gallery interval=\u00a0\u00bb3&Prime; images=\u00a0\u00bb10447,10448&Prime; img_size=\u00a0\u00bblarge\u00a0\u00bb][\/vc_column_inner][vc_column_inner width=\u00a0\u00bb1\/2&Prime;][vc_column_text]<\/p>\n<p>Barbera del Monferrato D.O.C.<\/p>\n<p>Robe rouge rubis, nez fruit\u00e9, bouche harmonieuse et \u00e9l\u00e9gante. Vin tr\u00e8s agr\u00e9able.<\/p>\n<p>[\/vc_column_text][\/vc_column_inner][\/vc_row_inner][\/vc_column][\/vc_row][vc_row][vc_column][vc_column_text]<\/p>\n<h3>LA LUNA E I FAL\u00d3 \u2013 Vite Colte<\/h3>\n<p>[\/vc_column_text][vc_row_inner][vc_column_inner width=\u00a0\u00bb1\/2&Prime;][vc_column_text]<\/p>\n<p>Nizza D.O.C.G.<\/p>\n<p>Robe rouge rubis intense; nez ample aux senteurs de violette, de prune, de fruits des bois avec des notes de vanille et de noix de coco. Bouche s\u00e8che, ronde, \u00e9quilibr\u00e9e, fin de bouche longue avec des notes de moka et de myrtille.<\/p>\n<p>[\/vc_column_text][\/vc_column_inner][vc_column_inner width=\u00a0\u00bb1\/2&Prime;][vc_gallery interval=\u00a0\u00bb3&Prime; images=\u00a0\u00bb10449,10450&Prime; img_size=\u00a0\u00bblarge\u00a0\u00bb][\/vc_column_inner][\/vc_row_inner][\/vc_column][\/vc_row][vc_row][vc_column][vc_column_text]<\/p>\n<h3>IL BRUCIATO \u2013 Tenuta Guado al Tasso<\/h3>\n<p>[\/vc_column_text][vc_row_inner][vc_column_inner width=\u00a0\u00bb1\/2&Prime;][vc_gallery interval=\u00a0\u00bb3&Prime; images=\u00a0\u00bb10451,10452&Prime; img_size=\u00a0\u00bblarge\u00a0\u00bb][\/vc_column_inner][vc_column_inner width=\u00a0\u00bb1\/2&Prime;][vc_column_text]<\/p>\n<p>Bolgheri D.O.C.<\/p>\n<p>Robe rouge rubis intense. Nez \u00e9voquant les fruits rouges m\u00fbrs, suivis par des notes d\u2019\u00e9pices douces. Bouche souple, \u00e9quilibr\u00e9e, harmonieuse et enveloppante.<\/p>\n<p>[\/vc_column_text][\/vc_column_inner][\/vc_row_inner][\/vc_column][\/vc_row][vc_row][vc_column][vc_column_text]<\/p>\n<h2 style=\"text-align: center;\">MOUSSEUX<\/h2>\n<p>[\/vc_column_text][vc_column_text]<\/p>\n<h3>RISERVA COPPO \u2013 Coppo<\/h3>\n<p>[\/vc_column_text][vc_row_inner][vc_column_inner width=\u00a0\u00bb1\/2&Prime;][vc_gallery interval=\u00a0\u00bb3&Prime; images=\u00a0\u00bb10454,10455&Prime; img_size=\u00a0\u00bblarge\u00a0\u00bb][\/vc_column_inner][vc_column_inner width=\u00a0\u00bb1\/2&Prime;][vc_column_text]<\/p>\n<p>Alta Langa D.O.C.<\/p>\n<p>Brut Robe jaune dor\u00e9 et bulles fines. Nez d\u00e9gageant des parfums de pomme, de poire, de p\u00eache, d\u2019amande, de cro\u00fbte de pain et de levure. Bouche souple et longue, \u00e9voquant des herbes aromatiques avec des nuances de vanille.<\/p>\n<p>[\/vc_column_text][\/vc_column_inner][\/vc_row_inner][\/vc_column][\/vc_row][vc_row][vc_column][vc_column_text]<\/p>\n<h3>CUVE\u00c9 PRESTIGE ROS\u00c9 \u2013 C\u00e0 del Bosco<\/h3>\n<p>[\/vc_column_text][vc_row_inner][vc_column_inner width=\u00a0\u00bb1\/2&Prime;][vc_column_text]<\/p>\n<p>Franciacorta D.O.C.G. Brut Ros\u00e9<\/p>\n<p>Robe rose brillant, bulles fines et persistantes. Nez caract\u00e9ris\u00e9 par des senteurs florales de pivoine et de rose et des senteurs fruit\u00e9es de grenade, d\u2019agrumes et de fruits des bois. Bouche ample et cr\u00e9meuse, harmonieuse et \u00e9quilibr\u00e9e.<\/p>\n<p>[\/vc_column_text][\/vc_column_inner][vc_column_inner width=\u00a0\u00bb1\/2&Prime;][vc_gallery interval=\u00a0\u00bb3&Prime; images=\u00a0\u00bb10457,10458&Prime; img_size=\u00a0\u00bblarge\u00a0\u00bb][\/vc_column_inner][\/vc_row_inner][\/vc_column][\/vc_row][vc_row][vc_column][vc_column_text]<\/p>\n<h3>VALENTINO BRUT ZERO \u2013 Rocche dei Manzoni<\/h3>\n<p>[\/vc_column_text][vc_row_inner][vc_column_inner width=\u00a0\u00bb1\/2&Prime;][vc_gallery interval=\u00a0\u00bb3&Prime; images=\u00a0\u00bb10459,10460&Prime; img_size=\u00a0\u00bblarge\u00a0\u00bb][\/vc_column_inner][vc_column_inner width=\u00a0\u00bb1\/2&Prime;][vc_column_text]<\/p>\n<p>Metodo Classico Dosaggio Zero<\/p>\n<p>Robe jaune dor\u00e9 brillant, bulles fines, nez complexe marqu\u00e9 par des notes prononc\u00e9es de vanille, de p\u00e2tisserie et de levures. Vin sec, de caract\u00e8re, de belle structure.<\/p>\n<p>[\/vc_column_text][\/vc_column_inner][\/vc_row_inner][\/vc_column][\/vc_row][vc_row][vc_column][vc_column_text]<\/p>\n<h2 style=\"text-align: center;\">EXCELLENCES<\/h2>\n<p>[\/vc_column_text][vc_column_text]<\/p>\n<h3>CHAMPAGNE KRUG 1996 \u2013 Krug<\/h3>\n<p>[\/vc_column_text][vc_row_inner][vc_column_inner width=\u00a0\u00bb1\/2&Prime;][vc_gallery interval=\u00a0\u00bb3&Prime; images=\u00a0\u00bb10461,10462&Prime; img_size=\u00a0\u00bblarge\u00a0\u00bb][\/vc_column_inner][vc_column_inner width=\u00a0\u00bb1\/2&Prime;][vc_column_text]<\/p>\n<p>CHAMPAGNE KRUG 1996 \u2013 Krug Champagne AOC Brut<\/p>\n<p>Audacieux et charismatique. Une ann\u00e9e tr\u00e8s sp\u00e9ciale, retenue comme l\u2019une des meilleurs du si\u00e8cle. Le Krug 1996 est le dernier mill\u00e9sime assembl\u00e9 de concert par trois g\u00e9n\u00e9rations de la famille Krug.<\/p>\n<p>Robe dor\u00e9e \u00e9clatante avec des bulles fines et denses. Nez riche et plein, frais, de caract\u00e8re. Bouche \u00e9voquant des saveurs de poire, de citron confit, de fruits d\u2019\u00e9t\u00e9 m\u00fbrs, de miel et de pain d\u2019\u00e9pices avec de d\u00e9licates touches de moka.<\/p>\n<p>[\/vc_column_text][\/vc_column_inner][\/vc_row_inner][\/vc_column][\/vc_row][vc_row][vc_column][vc_column_text]<\/p>\n<h3>VIGNA COLONNELLO \u2013 Prunotto<\/h3>\n<p>[\/vc_column_text][vc_row_inner][vc_column_inner width=\u00a0\u00bb1\/2&Prime;][vc_column_text]<\/p>\n<p>Barolo D.O.C.G. Riserva Bussia<\/p>\n<p>Robe rouge rubis avec des reflets orang\u00e9s. Nez pr\u00e9sentant des senteurs de p\u00e9tales de rose, de framboise et de grenade, avec des notes \u00e9pic\u00e9es et balsamiques. Bouche intense, avec des tanins doux, enveloppants et une fin de bouche assez longue.<\/p>\n<p>[\/vc_column_text][\/vc_column_inner][vc_column_inner width=\u00a0\u00bb1\/2&Prime;][vc_gallery interval=\u00a0\u00bb3&Prime; images=\u00a0\u00bb10464,10465&Prime; img_size=\u00a0\u00bblarge\u00a0\u00bb][\/vc_column_inner][\/vc_row_inner][\/vc_column][\/vc_row][vc_row][vc_column][vc_column_text]<\/p>\n<h3>VURS\u00da VIGNETO GALLINA \u2013 La Spinetta<\/h3>\n<p>[\/vc_column_text][vc_row_inner][vc_column_inner width=\u00a0\u00bb1\/2&Prime;][vc_gallery interval=\u00a0\u00bb3&Prime; images=\u00a0\u00bb10466,10467&Prime; img_size=\u00a0\u00bblarge\u00a0\u00bb][\/vc_column_inner][vc_column_inner width=\u00a0\u00bb1\/2&Prime;][vc_column_text]<\/p>\n<p>Barbaresco D.O.C.G.<\/p>\n<p>Robe rouge rubis avec des reflets grenat. Nez caract\u00e9ristique de petits fruits rouges, de cassis, de framboise, d\u2019\u00e9pices et de moka. Bouche riche et harmonieuse avec des notes de p\u00e9tales de rose, de prune, de menthe et d\u2019anis.<\/p>\n<p>[\/vc_column_text][\/vc_column_inner][\/vc_row_inner][\/vc_column][\/vc_row][vc_row][vc_column][vc_column_text]<\/p>\n<h3>SASSICAIA \u2013 Tenuta San Guido<\/h3>\n<p>[\/vc_column_text][vc_row_inner][vc_column_inner width=\u00a0\u00bb1\/2&Prime;][vc_column_text]<\/p>\n<p>Bolgheri Sassicaia D.O.C.<\/p>\n<p>Robe rouge rubis intense. Nez typique de fruits rouges comme la griotte, la myrtille et le cassis, avec des notes d\u2019herbes aromatiques et de tabac. Vin intense, \u00e9quilibr\u00e9, frais et savoureux, avec des tanins velout\u00e9s.<\/p>\n<p>[\/vc_column_text][\/vc_column_inner][vc_column_inner width=\u00a0\u00bb1\/2&Prime;][vc_gallery interval=\u00a0\u00bb3&Prime; images=\u00a0\u00bb10468,10469&Prime; img_size=\u00a0\u00bblarge\u00a0\u00bb][\/vc_column_inner][\/vc_row_inner][\/vc_column][\/vc_row][vc_row][vc_column][vc_column_text]<\/p>\n<h2 style=\"text-align: center;\">LIQUOREUX<\/h2>\n<p>[\/vc_column_text][vc_column_text]<\/p>\n<h3>CH\u00c2TEAU D&rsquo;YQUEM \u2013 Ch\u00e2teau d&rsquo;Yquem<\/h3>\n<p>[\/vc_column_text][vc_row_inner][vc_column_inner width=\u00a0\u00bb1\/2&Prime;][vc_gallery interval=\u00a0\u00bb3&Prime; images=\u00a0\u00bb10470,10471&Prime; img_size=\u00a0\u00bblarge\u00a0\u00bb][\/vc_column_inner][vc_column_inner width=\u00a0\u00bb1\/2&Prime;][vc_column_text]<\/p>\n<p>Bordeaux 1er Cru Sup\u00e9rieur Sauternes<\/p>\n<p>Robe jaune dor\u00e9. Nez aromatique envo\u00fbtant, avec des notes de miel associ\u00e9es \u00e0 des senteurs d\u2019amande et de chocolat blanc qui lui conf\u00e8rent un caract\u00e8re sensuel et net. Bouche tr\u00e8s \u00e9quilibr\u00e9e avec une acidit\u00e9 presque parfaite. Il est harmonieux, tr\u00e8s profond, avec une acidit\u00e9 valoris\u00e9e par des notes \u00e9voquant le sorbet au citron, le zeste d\u2019orange et le gingembre r\u00e2p\u00e9, avec quelques touches de chocolat blanc. Fin de bouche extr\u00eamement longue.\u00a0\u00bb<\/p>\n<p>[\/vc_column_text][\/vc_column_inner][\/vc_row_inner][\/vc_column][\/vc_row]<\/p>\n","protected":false},"excerpt":{"rendered":"<p>[vc_row][vc_column][vc_column_text]Vous pouvez choisir le vin directement sur une carte num\u00e9rique, vous recevrez le dispositif (iPad) \u00e0 table pour une consultation&#8230;<\/p>\n","protected":false},"author":1,"featured_media":0,"parent":0,"menu_order":0,"comment_status":"closed","ping_status":"closed","template":"","meta":[],"aioseo_notices":[],"_links":{"self":[{"href":"https:\/\/divinporcello.it\/fr\/wp-json\/wp\/v2\/pages\/10738"}],"collection":[{"href":"https:\/\/divinporcello.it\/fr\/wp-json\/wp\/v2\/pages"}],"about":[{"href":"https:\/\/divinporcello.it\/fr\/wp-json\/wp\/v2\/types\/page"}],"author":[{"embeddable":true,"href":"https:\/\/divinporcello.it\/fr\/wp-json\/wp\/v2\/users\/1"}],"replies":[{"embeddable":true,"href":"https:\/\/divinporcello.it\/fr\/wp-json\/wp\/v2\/comments?post=10738"}],"version-history":[{"count":3,"href":"https:\/\/divinporcello.it\/fr\/wp-json\/wp\/v2\/pages\/10738\/revisions"}],"predecessor-version":[{"id":11649,"href":"https:\/\/divinporcello.it\/fr\/wp-json\/wp\/v2\/pages\/10738\/revisions\/11649"}],"wp:attachment":[{"href":"https:\/\/divinporcello.it\/fr\/wp-json\/wp\/v2\/media?parent=10738"}],"curies":[{"name":"wp","href":"https:\/\/api.w.org\/{rel}","templated":true}]}}