{"id":10896,"date":"2019-12-09T14:29:25","date_gmt":"2019-12-09T13:29:25","guid":{"rendered":"https:\/\/shop.divinporcello.it\/enoteca\/"},"modified":"2020-12-22T11:48:13","modified_gmt":"2020-12-22T10:48:13","slug":"enoteca","status":"publish","type":"page","link":"https:\/\/divinporcello.it\/fr\/enoteca\/","title":{"rendered":"\u0152noth\u00e8que du Divin Porcello"},"content":{"rendered":"<p>[vc_row][vc_column][vc_row_inner][vc_column_inner width=\u00a0\u00bb1\/2&Prime;][vc_gallery interval=\u00a0\u00bb3&Prime; images=\u00a0\u00bb10586,10585,10587,10584,10588,10589&Prime; img_size=\u00a0\u00bblarge\u00a0\u00bb][\/vc_column_inner][vc_column_inner width=\u00a0\u00bb1\/2&Prime;][vc_column_text]<\/p>\n<p>L\u2019\u0153noth\u00e8que du Divin Porcello se situe \u00e0 Domodossola, sur la rue qui conduit vers la gare. Vous pourrez donner libre cours \u00e0 votre fantaisie avec un choix comptant plus de 600 \u00e9tiquettes parmi les vins locaux, rouges, ros\u00e9s, blancs, mousseux, champagnes et les grandes \u00e9tiquettes du panorama vitivinicole italien. Vous trouverez aussi une vaste s\u00e9lection de grappas, de liqueurs et d\u2019alcools aussi bien nationaux qu\u2019\u00e9trangers, qui varient p\u00e9riodiquement afin de vous proposer quelque chose de nouveau et de passionnant !<\/p>\n<p>Vous pourrez aussi y trouver nos charcuteries sous diff\u00e9rents formats, allant de la pi\u00e8ce enti\u00e8re aux petites d\u00e9coupes en tranches, en passant par les charcuteries en tranches conditionn\u00e9es en barquettes sous atmosph\u00e8re prot\u00e9g\u00e9e, sans oublier d\u2019autres produits du terroir avec lesquels il sera possible de pr\u00e9parer des paniers gourmands et des coffrets cadeaux.<\/p>\n<p>[\/vc_column_text][\/vc_column_inner][\/vc_row_inner][\/vc_column][\/vc_row][vc_row css=\u00a0\u00bb.vc_custom_1599806586476{margin-top: 30px !important;}\u00a0\u00bb][vc_column][vc_gmaps link=\u00a0\u00bb#E-8_JTNDaWZyYW1lJTIwc3JjJTNEJTIyaHR0cHMlM0ElMkYlMkZ3d3cuZ29vZ2xlLmNvbSUyRm1hcHMlMkZlbWJlZCUzRnBiJTNEJTIxMW0xOCUyMTFtMTIlMjExbTMlMjExZDI3NjUuNzYxMzgwNDQzNDE5JTIxMmQ4LjI5MTk0NTAxNTk3ODExOSUyMTNkNDYuMTE1NjYxNTc5MTE0MDQlMjEybTMlMjExZjAlMjEyZjAlMjEzZjAlMjEzbTIlMjExaTEwMjQlMjEyaTc2OCUyMTRmMTMuMSUyMTNtMyUyMTFtMiUyMTFzMHg0Nzg1ZjExNDczNjVhMDZiJTI1M0EweGE0N2QzODk0MzY3Zjc0MDAlMjEyc0Vub3RlY2ElMjUyMGUlMjUyMFNhbHVtaSUyNTIwZGVsJTI1MjBEaXZpbiUyNTIwUG9yY2VsbG8lMjE1ZTAlMjEzbTIlMjExc2VuJTIxMnNpdCUyMTR2MTU4NjI1MjcxMzY3NSUyMTVtMiUyMTFzZnIlMjEyc2VuJTIyJTIwd2lkdGglM0QlMjI2MDAlMjIlMjBoZWlnaHQlM0QlMjI0NTAlMjIlMjBmcmFtZWJvcmRlciUzRCUyMjAlMjIlMjBzdHlsZSUzRCUyMmJvcmRlciUzQTAlM0IlMjIlMjBhbGxvd2Z1bGxzY3JlZW4lM0QlMjIlMjIlMjBhcmlhLWhpZGRlbiUzRCUyMmZhbHNlJTIyJTIwdGFiaW5kZXglM0QlMjIwJTIyJTNFJTNDJTJGaWZyYW1lJTNF\u00a0\u00bb][\/vc_column][\/vc_row]<\/p>\n","protected":false},"excerpt":{"rendered":"<p>[vc_row][vc_column][vc_row_inner][vc_column_inner width=\u00a0\u00bb1\/2&Prime;][vc_gallery interval=\u00a0\u00bb3&Prime; images=\u00a0\u00bb10586,10585,10587,10584,10588,10589&Prime; img_size=\u00a0\u00bblarge\u00a0\u00bb][\/vc_column_inner][vc_column_inner width=\u00a0\u00bb1\/2&Prime;][vc_column_text] L\u2019\u0153noth\u00e8que du Divin Porcello se situe \u00e0 Domodossola, sur la rue qui conduit vers&#8230;<\/p>\n","protected":false},"author":1,"featured_media":0,"parent":0,"menu_order":0,"comment_status":"closed","ping_status":"closed","template":"","meta":[],"aioseo_notices":[],"_links":{"self":[{"href":"https:\/\/divinporcello.it\/fr\/wp-json\/wp\/v2\/pages\/10896"}],"collection":[{"href":"https:\/\/divinporcello.it\/fr\/wp-json\/wp\/v2\/pages"}],"about":[{"href":"https:\/\/divinporcello.it\/fr\/wp-json\/wp\/v2\/types\/page"}],"author":[{"embeddable":true,"href":"https:\/\/divinporcello.it\/fr\/wp-json\/wp\/v2\/users\/1"}],"replies":[{"embeddable":true,"href":"https:\/\/divinporcello.it\/fr\/wp-json\/wp\/v2\/comments?post=10896"}],"version-history":[{"count":1,"href":"https:\/\/divinporcello.it\/fr\/wp-json\/wp\/v2\/pages\/10896\/revisions"}],"predecessor-version":[{"id":11657,"href":"https:\/\/divinporcello.it\/fr\/wp-json\/wp\/v2\/pages\/10896\/revisions\/11657"}],"wp:attachment":[{"href":"https:\/\/divinporcello.it\/fr\/wp-json\/wp\/v2\/media?parent=10896"}],"curies":[{"name":"wp","href":"https:\/\/api.w.org\/{rel}","templated":true}]}}