{"id":10998,"date":"2015-01-13T13:48:44","date_gmt":"2015-01-13T12:48:44","guid":{"rendered":"https:\/\/shop.divinporcello.it\/splash-1\/"},"modified":"2020-12-23T11:00:49","modified_gmt":"2020-12-23T10:00:49","slug":"splash-1","status":"publish","type":"page","link":"https:\/\/divinporcello.it\/fr\/splash-1\/","title":{"rendered":"HOME PAGE"},"content":{"rendered":"<p>[vc_row][vc_column][vc_column_text]<\/p>\n<h2 style=\"text-align: center;\">Divin Porcello Family<\/h2>\n<p style=\"text-align: center;\">Accueil, restauration avec chambres, service navette, fabrication artisanale de charcuteries et \u0153noth\u00e8que! Une grande entreprise familiale!<\/p>\n<p style=\"text-align: center;\"><strong>Le Val d&rsquo;Ossola comme vous ne l\u2019avez jamais vu!<\/strong><\/p>\n<p>[\/vc_column_text]<div class=\"sc-youtube sc-wrapbox sc-wrapbox-style-default rounded-corners sc-wrapbox-position-below\" style=\"width: 100%;\"><div class=\"sc-wrapbox-inner sc-ratio-style\" style=\"padding-top: 50%\"><iframe class=\"sc-wrapbox-element img-responsive\" width=\"100%\" height=\"300\" frameborder=\"0\" scrolling=\"no\" marginheight=\"0\" marginwidth=\"0\" src=\"\/\/www.youtube.com\/embed\/vsuUbs2ciNc?rel=0&amp;wmode=opaque\"><\/iframe><\/div><\/div>[\/vc_column][\/vc_row][vc_row][vc_column]<div class=\"fullwidth-block clearfix\" style=\"background-image: url(https:\/\/divinporcello.it\/wp-content\/uploads\/2020\/09\/fullwidth.jpg);background-repeat: no-repeat; background-size: cover;background-position: center center;\"><div class=\"container\">[vc_column_text]<\/p>\n<h2 style=\"text-align: center;\">Notre histoire<\/h2>\n<p>[\/vc_column_text][vc_row_inner][vc_column_inner width=\u00a0\u00bb1\/2&Prime;][vc_column_text]<\/p>\n<p style=\"color: #ffffff;\">Le Divin Porcello Family est un Restaurant typique du Val d\u2019Ossola avec des chambres, qui poss\u00e8de sa propre charcuterie, ainsi qu\u2019une \u0153noth\u00e8que. Le restaurant avec chambres a \u00e9t\u00e9 cr\u00e9\u00e9 \u00e0 Masera (VB) en 1990, gr\u00e2ce au projet de Massimo Sartoretti, fils et petit-fils de Giovanni et Pierino, qui \u00e9taient d\u00e9j\u00e0 des bouchers et des charcutiers depuis 1950. La philosophie de Massimo est de mettre en valeur les anciennes traditions culinaires typiques du Val d\u2019Ossola, en se servant des \u00e9quipements et des techniques contemporaines pour les proposer de mani\u00e8re plus moderne. Gr\u00e2ce aux comp\u00e9tences acquises par son grand-p\u00e8re et son p\u00e8re dans le secteur des viandes et des salaisons, le Divin Porcello devient imm\u00e9diatement une r\u00e9f\u00e9rence pour les passionn\u00e9s du genre. Ins\u00e9r\u00e9 dans un contexte montagnard, le restaurant typique offre une ambiance rustique, tout en mettant l\u2019accent sur le confort et la s\u00e9curit\u00e9, comme celle relative \u00e0 la qualit\u00e9 de l\u2019air ou de l\u2019eau. L\u2019activit\u00e9 de la charcuterie s\u2019est transmise de g\u00e9n\u00e9ration en g\u00e9n\u00e9ration jusqu\u2019\u00e0 Mara, la s\u0153ur de Massimo. L\u2019\u00e9volution du restaurant a permis \u00e0 la famille Sartoretti de diversifier l\u2019entreprise avec caract\u00e8re et qualit\u00e9, en \u00e9largissant son offre avec l\u2019ouverture de l\u2019\u0153noth\u00e8que Divin Porcello \u00e0 Domodossola.<\/p>\n<p>[\/vc_column_text][\/vc_column_inner][vc_column_inner width=\u00a0\u00bb1\/2&Prime;][vc_gallery interval=\u00a0\u00bb3&Prime; images=\u00a0\u00bb9819,9817,9704,9823,9968&Prime; img_size=\u00a0\u00bblarge\u00a0\u00bb][\/vc_column_inner][\/vc_row_inner]<\/div><\/div>[\/vc_column][\/vc_row][vc_row el_class=\u00a0\u00bbtop-attached\u00a0\u00bb css=\u00a0\u00bb.vc_custom_1603698238214{margin-bottom: -60px !important;}\u00a0\u00bb][vc_column]<div class=\"fullwidth-block clearfix\" style=\"background-color: #f2f1ed;background-position: center top;\"><div class=\"container\">[vc_column_text]<\/p>\n<h2 class=\"styled-title\" style=\"text-align: center;\">Du Divin Porcello \u00e0 votre maison<\/h2>\n<p style=\"text-align: center;\">D\u00e8s \u00e0 pr\u00e9sent, vous pouvez commander directement de chez vous les produits du Divin Porcello, les charcuteries faites maison saines et naturelles, sans gluten pour les intol\u00e9rants, ainsi que les vins et les alcools.<\/p>\n<p style=\"text-align: center;\">Visitez maintenant notre SHOP ON LINE!<\/p>\n<p>[\/vc_column_text]<\/div><\/div>[\/vc_column][\/vc_row][vc_row][vc_column][vc_column_text]<\/p>\n<h2 style=\"text-align: center;\">Abonnez-vous \u00e0 notre newsletter<\/h2>\n<p style=\"text-align: center;\">Suivez toutes nos promotions<\/p>\n<p style=\"text-align: center;\"><script>(function() {\n\twindow.mc4wp = window.mc4wp || {\n\t\tlisteners: [],\n\t\tforms: {\n\t\t\ton: function(evt, cb) {\n\t\t\t\twindow.mc4wp.listeners.push(\n\t\t\t\t\t{\n\t\t\t\t\t\tevent   : evt,\n\t\t\t\t\t\tcallback: cb\n\t\t\t\t\t}\n\t\t\t\t);\n\t\t\t}\n\t\t}\n\t}\n})();\n<\/script><!-- Mailchimp for WordPress v4.12.1 - https:\/\/wordpress.org\/plugins\/mailchimp-for-wp\/ --><form id=\"mc4wp-form-1\" class=\"mc4wp-form mc4wp-form-11615\" method=\"post\" data-id=\"11615\" data-name=\"RIMANI SEMPRE AGGIORNATO\" ><div class=\"mc4wp-form-fields\"><p>\r\n\t<label>Indirizzo email: <\/label>\r\n\t<input type=\"email\" name=\"EMAIL\" placeholder=\"Il tuo indirizzo email\" required \/>\r\n<\/p>\r\n\r\n<p>\r\n\t<input type=\"submit\" value=\"Iscriviti\" \/>\r\n<\/p><\/div><label style=\"display: none !important;\">Laissez ce champ vide si vous \u00eates humain\u00a0: <input type=\"text\" name=\"_mc4wp_honeypot\" value=\"\" tabindex=\"-1\" autocomplete=\"off\" \/><\/label><input type=\"hidden\" name=\"_mc4wp_timestamp\" value=\"1776600385\" \/><input type=\"hidden\" name=\"_mc4wp_form_id\" value=\"11615\" \/><input type=\"hidden\" name=\"_mc4wp_form_element_id\" value=\"mc4wp-form-1\" \/><div class=\"mc4wp-response\"><\/div><\/form><!-- \/ Mailchimp for WordPress Plugin --><\/p>\n<p>[\/vc_column_text][\/vc_column][\/vc_row]<\/p>\n","protected":false},"excerpt":{"rendered":"<p>[vc_row][vc_column][vc_column_text] Divin Porcello Family Accueil, restauration avec chambres, service navette, fabrication artisanale de charcuteries et \u0153noth\u00e8que! Une grande entreprise familiale!&#8230;<\/p>\n","protected":false},"author":1,"featured_media":0,"parent":0,"menu_order":0,"comment_status":"closed","ping_status":"closed","template":"","meta":[],"aioseo_notices":[],"_links":{"self":[{"href":"https:\/\/divinporcello.it\/fr\/wp-json\/wp\/v2\/pages\/10998"}],"collection":[{"href":"https:\/\/divinporcello.it\/fr\/wp-json\/wp\/v2\/pages"}],"about":[{"href":"https:\/\/divinporcello.it\/fr\/wp-json\/wp\/v2\/types\/page"}],"author":[{"embeddable":true,"href":"https:\/\/divinporcello.it\/fr\/wp-json\/wp\/v2\/users\/1"}],"replies":[{"embeddable":true,"href":"https:\/\/divinporcello.it\/fr\/wp-json\/wp\/v2\/comments?post=10998"}],"version-history":[{"count":6,"href":"https:\/\/divinporcello.it\/fr\/wp-json\/wp\/v2\/pages\/10998\/revisions"}],"predecessor-version":[{"id":11778,"href":"https:\/\/divinporcello.it\/fr\/wp-json\/wp\/v2\/pages\/10998\/revisions\/11778"}],"wp:attachment":[{"href":"https:\/\/divinporcello.it\/fr\/wp-json\/wp\/v2\/media?parent=10998"}],"curies":[{"name":"wp","href":"https:\/\/api.w.org\/{rel}","templated":true}]}}