{"id":11664,"date":"2020-08-13T13:20:39","date_gmt":"2020-08-13T11:20:39","guid":{"rendered":"https:\/\/shop.divinporcello.it\/prodotto\/brisaola-ossolana-del-divin-porcello\/"},"modified":"2022-09-09T11:33:29","modified_gmt":"2022-09-09T09:33:29","slug":"brisaola-ossolana-del-divin-porcello","status":"publish","type":"product","link":"https:\/\/divinporcello.it\/fr\/prodotto\/brisaola-ossolana-del-divin-porcello\/","title":{"rendered":"BRISAULA OSSOLANA DEL DIVIN PORCELLO"},"content":{"rendered":"","protected":false},"excerpt":{"rendered":"<p>Pr\u00e9par\u00e9e avec un g\u00eete \u00e0 la noix de bouvillon tr\u00e8s tendre, avec le filet, cette charcuterie figure parmi les produits les plus maigres que nous proposons.<\/p>\n","protected":false},"featured_media":11226,"template":"","meta":[],"product_cat":[222,228],"product_tag":[],"aioseo_notices":[],"_links":{"self":[{"href":"https:\/\/divinporcello.it\/fr\/wp-json\/wp\/v2\/product\/11664"}],"collection":[{"href":"https:\/\/divinporcello.it\/fr\/wp-json\/wp\/v2\/product"}],"about":[{"href":"https:\/\/divinporcello.it\/fr\/wp-json\/wp\/v2\/types\/product"}],"wp:featuredmedia":[{"embeddable":true,"href":"https:\/\/divinporcello.it\/fr\/wp-json\/wp\/v2\/media\/11226"}],"wp:attachment":[{"href":"https:\/\/divinporcello.it\/fr\/wp-json\/wp\/v2\/media?parent=11664"}],"wp:term":[{"taxonomy":"product_cat","embeddable":true,"href":"https:\/\/divinporcello.it\/fr\/wp-json\/wp\/v2\/product_cat?post=11664"},{"taxonomy":"product_tag","embeddable":true,"href":"https:\/\/divinporcello.it\/fr\/wp-json\/wp\/v2\/product_tag?post=11664"}],"curies":[{"name":"wp","href":"https:\/\/api.w.org\/{rel}","templated":true}]}}