{"id":11678,"date":"2020-08-13T14:19:15","date_gmt":"2020-08-13T12:19:15","guid":{"rendered":"https:\/\/shop.divinporcello.it\/prodotto\/cacciatori\/"},"modified":"2022-09-09T09:53:35","modified_gmt":"2022-09-09T07:53:35","slug":"cacciatori","status":"publish","type":"product","link":"https:\/\/divinporcello.it\/fr\/prodotto\/cacciatori\/","title":{"rendered":"CACCIATORI"},"content":{"rendered":"","protected":false},"excerpt":{"rendered":"<p>Petits saucissons \u00e0 p\u00e2te moyenne, avec un m\u00e9lange similaire \u00e0 celui du salami. Ils sont parfaits pour un petit snack rapide et gourmand !<br \/>\nNos Cacciatori sont soumis \u00e0 une maturation naturelle de 60 jours en cave.<\/p>\n","protected":false},"featured_media":11164,"template":"","meta":[],"product_cat":[222],"product_tag":[],"aioseo_notices":[],"_links":{"self":[{"href":"https:\/\/divinporcello.it\/fr\/wp-json\/wp\/v2\/product\/11678"}],"collection":[{"href":"https:\/\/divinporcello.it\/fr\/wp-json\/wp\/v2\/product"}],"about":[{"href":"https:\/\/divinporcello.it\/fr\/wp-json\/wp\/v2\/types\/product"}],"wp:featuredmedia":[{"embeddable":true,"href":"https:\/\/divinporcello.it\/fr\/wp-json\/wp\/v2\/media\/11164"}],"wp:attachment":[{"href":"https:\/\/divinporcello.it\/fr\/wp-json\/wp\/v2\/media?parent=11678"}],"wp:term":[{"taxonomy":"product_cat","embeddable":true,"href":"https:\/\/divinporcello.it\/fr\/wp-json\/wp\/v2\/product_cat?post=11678"},{"taxonomy":"product_tag","embeddable":true,"href":"https:\/\/divinporcello.it\/fr\/wp-json\/wp\/v2\/product_tag?post=11678"}],"curies":[{"name":"wp","href":"https:\/\/api.w.org\/{rel}","templated":true}]}}