{"id":11681,"date":"2020-08-13T14:17:18","date_gmt":"2020-08-13T12:17:18","guid":{"rendered":"https:\/\/shop.divinporcello.it\/prodotto\/cuor-di-filetto-pancettato\/"},"modified":"2022-09-09T10:50:46","modified_gmt":"2022-09-09T08:50:46","slug":"cuor-di-filetto-pancettato","status":"publish","type":"product","link":"https:\/\/divinporcello.it\/fr\/prodotto\/cuor-di-filetto-pancettato\/","title":{"rendered":"CUOR DI FILETTO PANCETTATO"},"content":{"rendered":"","protected":false},"excerpt":{"rendered":"<p>L\u2019union parfaite du filet de porc et de la pancetta nostrana. C\u2019est en enroulant cette derni\u00e8re sur le filet que le c\u0153ur de filet bard\u00e9 a \u00e9t\u00e9 cr\u00e9\u00e9.<\/p>\n","protected":false},"featured_media":11160,"template":"","meta":[],"product_cat":[222],"product_tag":[],"aioseo_notices":[],"_links":{"self":[{"href":"https:\/\/divinporcello.it\/fr\/wp-json\/wp\/v2\/product\/11681"}],"collection":[{"href":"https:\/\/divinporcello.it\/fr\/wp-json\/wp\/v2\/product"}],"about":[{"href":"https:\/\/divinporcello.it\/fr\/wp-json\/wp\/v2\/types\/product"}],"wp:featuredmedia":[{"embeddable":true,"href":"https:\/\/divinporcello.it\/fr\/wp-json\/wp\/v2\/media\/11160"}],"wp:attachment":[{"href":"https:\/\/divinporcello.it\/fr\/wp-json\/wp\/v2\/media?parent=11681"}],"wp:term":[{"taxonomy":"product_cat","embeddable":true,"href":"https:\/\/divinporcello.it\/fr\/wp-json\/wp\/v2\/product_cat?post=11681"},{"taxonomy":"product_tag","embeddable":true,"href":"https:\/\/divinporcello.it\/fr\/wp-json\/wp\/v2\/product_tag?post=11681"}],"curies":[{"name":"wp","href":"https:\/\/api.w.org\/{rel}","templated":true}]}}