{"id":11684,"date":"2020-08-13T14:15:13","date_gmt":"2020-08-13T12:15:13","guid":{"rendered":"https:\/\/shop.divinporcello.it\/prodotto\/guancialotto-al-rosmarino\/"},"modified":"2022-09-09T10:56:38","modified_gmt":"2022-09-09T08:56:38","slug":"guancialotto-al-rosmarino","status":"publish","type":"product","link":"https:\/\/divinporcello.it\/fr\/prodotto\/guancialotto-al-rosmarino\/","title":{"rendered":"GUANCIALOTTO AL ROSMARINO"},"content":{"rendered":"","protected":false},"excerpt":{"rendered":"<p>Joue de porc au romarin, il s\u2019agit d\u2019un hors-d\u2019\u0153uvre tr\u00e8s savoureux qui peut aussi \u00eatre utilis\u00e9 comme aliment de base pour pr\u00e9parer les c\u00e9l\u00e8bres p\u00e2tes \u00e0 l\u2019Amatriciana.<\/p>\n","protected":false},"featured_media":11238,"template":"","meta":[],"product_cat":[222],"product_tag":[],"aioseo_notices":[],"_links":{"self":[{"href":"https:\/\/divinporcello.it\/fr\/wp-json\/wp\/v2\/product\/11684"}],"collection":[{"href":"https:\/\/divinporcello.it\/fr\/wp-json\/wp\/v2\/product"}],"about":[{"href":"https:\/\/divinporcello.it\/fr\/wp-json\/wp\/v2\/types\/product"}],"wp:featuredmedia":[{"embeddable":true,"href":"https:\/\/divinporcello.it\/fr\/wp-json\/wp\/v2\/media\/11238"}],"wp:attachment":[{"href":"https:\/\/divinporcello.it\/fr\/wp-json\/wp\/v2\/media?parent=11684"}],"wp:term":[{"taxonomy":"product_cat","embeddable":true,"href":"https:\/\/divinporcello.it\/fr\/wp-json\/wp\/v2\/product_cat?post=11684"},{"taxonomy":"product_tag","embeddable":true,"href":"https:\/\/divinporcello.it\/fr\/wp-json\/wp\/v2\/product_tag?post=11684"}],"curies":[{"name":"wp","href":"https:\/\/api.w.org\/{rel}","templated":true}]}}