{"id":11687,"date":"2020-08-13T14:12:48","date_gmt":"2020-08-13T12:12:48","guid":{"rendered":"https:\/\/shop.divinporcello.it\/prodotto\/lardo-aromatizzato-alle-erbe\/"},"modified":"2022-09-09T11:01:59","modified_gmt":"2022-09-09T09:01:59","slug":"lardo-aromatizzato-alle-erbe","status":"publish","type":"product","link":"https:\/\/divinporcello.it\/fr\/prodotto\/lardo-aromatizzato-alle-erbe\/","title":{"rendered":"LARDO AROMATIZZATO ALLE ERBE"},"content":{"rendered":"","protected":false},"excerpt":{"rendered":"<p>Il s\u2019agit d\u2019un aliment obtenu avec des viandes de qualit\u00e9, aromatis\u00e9 et pr\u00e9par\u00e9 en suivant nos recettes typiques du terroir. Un v\u00e9ritable d\u00e9lice pour le palais !<\/p>\n","protected":false},"featured_media":11236,"template":"","meta":[],"product_cat":[222],"product_tag":[],"aioseo_notices":[],"_links":{"self":[{"href":"https:\/\/divinporcello.it\/fr\/wp-json\/wp\/v2\/product\/11687"}],"collection":[{"href":"https:\/\/divinporcello.it\/fr\/wp-json\/wp\/v2\/product"}],"about":[{"href":"https:\/\/divinporcello.it\/fr\/wp-json\/wp\/v2\/types\/product"}],"wp:featuredmedia":[{"embeddable":true,"href":"https:\/\/divinporcello.it\/fr\/wp-json\/wp\/v2\/media\/11236"}],"wp:attachment":[{"href":"https:\/\/divinporcello.it\/fr\/wp-json\/wp\/v2\/media?parent=11687"}],"wp:term":[{"taxonomy":"product_cat","embeddable":true,"href":"https:\/\/divinporcello.it\/fr\/wp-json\/wp\/v2\/product_cat?post=11687"},{"taxonomy":"product_tag","embeddable":true,"href":"https:\/\/divinporcello.it\/fr\/wp-json\/wp\/v2\/product_tag?post=11687"}],"curies":[{"name":"wp","href":"https:\/\/api.w.org\/{rel}","templated":true}]}}