{"id":11690,"date":"2020-08-13T14:09:40","date_gmt":"2020-08-13T12:09:40","guid":{"rendered":"https:\/\/shop.divinporcello.it\/prodotto\/salame-nostrano\/"},"modified":"2022-09-09T11:05:51","modified_gmt":"2022-09-09T09:05:51","slug":"salame-nostrano","status":"publish","type":"product","link":"https:\/\/divinporcello.it\/fr\/prodotto\/salame-nostrano\/","title":{"rendered":"SALAME NOSTRANO"},"content":{"rendered":"","protected":false},"excerpt":{"rendered":"<p>Le salami est pr\u00e9par\u00e9 avec de la cuisse de porc choisie et s\u00e9lectionn\u00e9e, ensuite, du lard y est ajout\u00e9 comme partie grasse.<\/p>\n<p>Cette viande hach\u00e9e grossi\u00e8rement est emboss\u00e9e dans du boyau naturel, le tout est ficel\u00e9 \u00e0 la main et affin\u00e9 naturellement dans nos caves.<br \/>\nLe Salame Nostrano est soumis \u00e0 un affinage naturel de 60 jours en cave.<\/p>\n","protected":false},"featured_media":11158,"template":"","meta":[],"product_cat":[222],"product_tag":[],"aioseo_notices":[],"_links":{"self":[{"href":"https:\/\/divinporcello.it\/fr\/wp-json\/wp\/v2\/product\/11690"}],"collection":[{"href":"https:\/\/divinporcello.it\/fr\/wp-json\/wp\/v2\/product"}],"about":[{"href":"https:\/\/divinporcello.it\/fr\/wp-json\/wp\/v2\/types\/product"}],"wp:featuredmedia":[{"embeddable":true,"href":"https:\/\/divinporcello.it\/fr\/wp-json\/wp\/v2\/media\/11158"}],"wp:attachment":[{"href":"https:\/\/divinporcello.it\/fr\/wp-json\/wp\/v2\/media?parent=11690"}],"wp:term":[{"taxonomy":"product_cat","embeddable":true,"href":"https:\/\/divinporcello.it\/fr\/wp-json\/wp\/v2\/product_cat?post=11690"},{"taxonomy":"product_tag","embeddable":true,"href":"https:\/\/divinporcello.it\/fr\/wp-json\/wp\/v2\/product_tag?post=11690"}],"curies":[{"name":"wp","href":"https:\/\/api.w.org\/{rel}","templated":true}]}}