{"id":11698,"date":"2020-08-13T13:50:20","date_gmt":"2020-08-13T11:50:20","guid":{"rendered":"https:\/\/shop.divinporcello.it\/prodotto\/mortadella-ossolana\/"},"modified":"2020-08-13T13:50:20","modified_gmt":"2020-08-13T11:50:20","slug":"mortadella-ossolana","status":"publish","type":"product","link":"https:\/\/divinporcello.it\/fr\/prodotto\/mortadella-ossolana\/","title":{"rendered":"MORTADELLA OSSOLANA"},"content":{"rendered":"","protected":false},"excerpt":{"rendered":"<p>La p\u00e2te est tr\u00e8s similaire \u00e0 celle du Salame Nostrano, mais on y ajoute un petit pourcentage de foie de porc et elle est aromatis\u00e9e au Vin Br\u00fbl\u00e9 (vin chaud avec \u00e9pices).<\/p>\n<p>Notre Mortadella Ossolana est soumise \u00e0 une maturation naturelle de 60 jours en cave.<\/p>\n","protected":false},"featured_media":11234,"template":"","meta":[],"product_cat":[222],"product_tag":[],"aioseo_notices":[],"_links":{"self":[{"href":"https:\/\/divinporcello.it\/fr\/wp-json\/wp\/v2\/product\/11698"}],"collection":[{"href":"https:\/\/divinporcello.it\/fr\/wp-json\/wp\/v2\/product"}],"about":[{"href":"https:\/\/divinporcello.it\/fr\/wp-json\/wp\/v2\/types\/product"}],"wp:featuredmedia":[{"embeddable":true,"href":"https:\/\/divinporcello.it\/fr\/wp-json\/wp\/v2\/media\/11234"}],"wp:attachment":[{"href":"https:\/\/divinporcello.it\/fr\/wp-json\/wp\/v2\/media?parent=11698"}],"wp:term":[{"taxonomy":"product_cat","embeddable":true,"href":"https:\/\/divinporcello.it\/fr\/wp-json\/wp\/v2\/product_cat?post=11698"},{"taxonomy":"product_tag","embeddable":true,"href":"https:\/\/divinporcello.it\/fr\/wp-json\/wp\/v2\/product_tag?post=11698"}],"curies":[{"name":"wp","href":"https:\/\/api.w.org\/{rel}","templated":true}]}}