{"id":11721,"date":"2020-02-27T21:30:21","date_gmt":"2020-02-27T20:30:21","guid":{"rendered":"https:\/\/shop.divinporcello.it\/prodotto\/grappa-con-erbe-al-pino-mugo\/"},"modified":"2020-02-27T21:30:21","modified_gmt":"2020-02-27T20:30:21","slug":"grappa-con-erbe-al-pino-mugo","status":"publish","type":"product","link":"https:\/\/divinporcello.it\/fr\/prodotto\/grappa-con-erbe-al-pino-mugo\/","title":{"rendered":"GRAPPA CON ERBE AL PINO MUGO"},"content":{"rendered":"","protected":false},"excerpt":{"rendered":"<p>Le pin mugho (pin des montagnes) se trouve \u00e0 plus de mille deux cents m\u00e8tres d\u2019altitude. Pour produire cette grappa, on utilise l\u2019extr\u00e9mit\u00e9 des branches, riches en r\u00e9sine.<br \/>\nCela conf\u00e8re \u00e0 cette grappa un go\u00fbt tr\u00e8s aromatiques et r\u00e9sineux.<\/p>\n","protected":false},"featured_media":11430,"template":"","meta":[],"product_cat":[214],"product_tag":[],"aioseo_notices":[],"_links":{"self":[{"href":"https:\/\/divinporcello.it\/fr\/wp-json\/wp\/v2\/product\/11721"}],"collection":[{"href":"https:\/\/divinporcello.it\/fr\/wp-json\/wp\/v2\/product"}],"about":[{"href":"https:\/\/divinporcello.it\/fr\/wp-json\/wp\/v2\/types\/product"}],"wp:featuredmedia":[{"embeddable":true,"href":"https:\/\/divinporcello.it\/fr\/wp-json\/wp\/v2\/media\/11430"}],"wp:attachment":[{"href":"https:\/\/divinporcello.it\/fr\/wp-json\/wp\/v2\/media?parent=11721"}],"wp:term":[{"taxonomy":"product_cat","embeddable":true,"href":"https:\/\/divinporcello.it\/fr\/wp-json\/wp\/v2\/product_cat?post=11721"},{"taxonomy":"product_tag","embeddable":true,"href":"https:\/\/divinporcello.it\/fr\/wp-json\/wp\/v2\/product_tag?post=11721"}],"curies":[{"name":"wp","href":"https:\/\/api.w.org\/{rel}","templated":true}]}}