{"id":11723,"date":"2020-02-27T21:40:58","date_gmt":"2020-02-27T20:40:58","guid":{"rendered":"https:\/\/shop.divinporcello.it\/prodotto\/grappa-con-erbe-alla-genziana\/"},"modified":"2020-02-27T21:40:58","modified_gmt":"2020-02-27T20:40:58","slug":"grappa-con-erbe-alla-genziana","status":"publish","type":"product","link":"https:\/\/divinporcello.it\/fr\/prodotto\/grappa-con-erbe-alla-genziana\/","title":{"rendered":"GRAPPA CON ERBE ALLA GENZIANA"},"content":{"rendered":"","protected":false},"excerpt":{"rendered":"<p>La racine de gentiane est utilis\u00e9e pour transmettre \u00e0 la grappa un go\u00fbt franc et typique, sec et l\u00e9g\u00e8rement amer.<\/p>\n","protected":false},"featured_media":11427,"template":"","meta":[],"product_cat":[214],"product_tag":[],"aioseo_notices":[],"_links":{"self":[{"href":"https:\/\/divinporcello.it\/fr\/wp-json\/wp\/v2\/product\/11723"}],"collection":[{"href":"https:\/\/divinporcello.it\/fr\/wp-json\/wp\/v2\/product"}],"about":[{"href":"https:\/\/divinporcello.it\/fr\/wp-json\/wp\/v2\/types\/product"}],"wp:featuredmedia":[{"embeddable":true,"href":"https:\/\/divinporcello.it\/fr\/wp-json\/wp\/v2\/media\/11427"}],"wp:attachment":[{"href":"https:\/\/divinporcello.it\/fr\/wp-json\/wp\/v2\/media?parent=11723"}],"wp:term":[{"taxonomy":"product_cat","embeddable":true,"href":"https:\/\/divinporcello.it\/fr\/wp-json\/wp\/v2\/product_cat?post=11723"},{"taxonomy":"product_tag","embeddable":true,"href":"https:\/\/divinporcello.it\/fr\/wp-json\/wp\/v2\/product_tag?post=11723"}],"curies":[{"name":"wp","href":"https:\/\/api.w.org\/{rel}","templated":true}]}}