{"id":11726,"date":"2020-02-27T21:48:06","date_gmt":"2020-02-27T20:48:06","guid":{"rendered":"https:\/\/shop.divinporcello.it\/prodotto\/grappa-alla-liquirizia\/"},"modified":"2020-02-27T21:48:06","modified_gmt":"2020-02-27T20:48:06","slug":"grappa-alla-liquirizia","status":"publish","type":"product","link":"https:\/\/divinporcello.it\/fr\/prodotto\/grappa-alla-liquirizia\/","title":{"rendered":"GRAPPA ALLA LIQUIRIZIA"},"content":{"rendered":"","protected":false},"excerpt":{"rendered":"<p>La r\u00e9glisse est une racine tr\u00e8s aromatique qui donne \u00e0 la grappa un go\u00fbt bien d\u00e9fini.<\/p>\n","protected":false},"featured_media":11454,"template":"","meta":[],"product_cat":[214],"product_tag":[],"aioseo_notices":[],"_links":{"self":[{"href":"https:\/\/divinporcello.it\/fr\/wp-json\/wp\/v2\/product\/11726"}],"collection":[{"href":"https:\/\/divinporcello.it\/fr\/wp-json\/wp\/v2\/product"}],"about":[{"href":"https:\/\/divinporcello.it\/fr\/wp-json\/wp\/v2\/types\/product"}],"wp:featuredmedia":[{"embeddable":true,"href":"https:\/\/divinporcello.it\/fr\/wp-json\/wp\/v2\/media\/11454"}],"wp:attachment":[{"href":"https:\/\/divinporcello.it\/fr\/wp-json\/wp\/v2\/media?parent=11726"}],"wp:term":[{"taxonomy":"product_cat","embeddable":true,"href":"https:\/\/divinporcello.it\/fr\/wp-json\/wp\/v2\/product_cat?post=11726"},{"taxonomy":"product_tag","embeddable":true,"href":"https:\/\/divinporcello.it\/fr\/wp-json\/wp\/v2\/product_tag?post=11726"}],"curies":[{"name":"wp","href":"https:\/\/api.w.org\/{rel}","templated":true}]}}