{"id":11728,"date":"2020-02-28T17:08:25","date_gmt":"2020-02-28T16:08:25","guid":{"rendered":"https:\/\/shop.divinporcello.it\/prodotto\/amaro-alpino\/"},"modified":"2020-02-28T17:08:25","modified_gmt":"2020-02-28T16:08:25","slug":"amaro-alpino","status":"publish","type":"product","link":"https:\/\/divinporcello.it\/fr\/prodotto\/amaro-alpino\/","title":{"rendered":"AMARO ALPINO"},"content":{"rendered":"","protected":false},"excerpt":{"rendered":"<p>Une liqueur am\u00e8re obtenue \u00e0 partir de l\u2019infusion d\u2019herbes alpines qui poussent typiquement dans nos montagnes. Cette liqueur allie ses propri\u00e9t\u00e9s digestives aux ar\u00f4mes de nos vall\u00e9es.<\/p>\n","protected":false},"featured_media":11469,"template":"","meta":[],"product_cat":[214],"product_tag":[],"aioseo_notices":[],"_links":{"self":[{"href":"https:\/\/divinporcello.it\/fr\/wp-json\/wp\/v2\/product\/11728"}],"collection":[{"href":"https:\/\/divinporcello.it\/fr\/wp-json\/wp\/v2\/product"}],"about":[{"href":"https:\/\/divinporcello.it\/fr\/wp-json\/wp\/v2\/types\/product"}],"wp:featuredmedia":[{"embeddable":true,"href":"https:\/\/divinporcello.it\/fr\/wp-json\/wp\/v2\/media\/11469"}],"wp:attachment":[{"href":"https:\/\/divinporcello.it\/fr\/wp-json\/wp\/v2\/media?parent=11728"}],"wp:term":[{"taxonomy":"product_cat","embeddable":true,"href":"https:\/\/divinporcello.it\/fr\/wp-json\/wp\/v2\/product_cat?post=11728"},{"taxonomy":"product_tag","embeddable":true,"href":"https:\/\/divinporcello.it\/fr\/wp-json\/wp\/v2\/product_tag?post=11728"}],"curies":[{"name":"wp","href":"https:\/\/api.w.org\/{rel}","templated":true}]}}