{"id":11752,"date":"2019-12-30T08:06:38","date_gmt":"2019-12-30T07:06:38","guid":{"rendered":"https:\/\/shop.divinporcello.it\/prodotto\/munaloss\/"},"modified":"2019-12-30T08:06:38","modified_gmt":"2019-12-30T07:06:38","slug":"munaloss","status":"publish","type":"product","link":"https:\/\/divinporcello.it\/fr\/prodotto\/munaloss\/","title":{"rendered":"MUNALOSS"},"content":{"rendered":"","protected":false},"excerpt":{"rendered":"<p>Vin rouge du Val d\u2019Ossola issu des c\u00e9pages Nebbiolo, Croatina et Barbera.<\/p>\n<p>Auparavant connu sous le nom d\u2019\u201cOssolanum\u201d, sa robe est rouge rubis, il poss\u00e8de un nez typique de petits fruits rouges avec des notes de r\u00e9glisse et d\u2019herbes aromatiques et une bouche fra\u00eeche et l\u00e9g\u00e8re, c\u2019est un vin tr\u00e8s agr\u00e9able.<\/p>\n","protected":false},"featured_media":11346,"template":"","meta":[],"product_cat":[227],"product_tag":[],"aioseo_notices":[],"_links":{"self":[{"href":"https:\/\/divinporcello.it\/fr\/wp-json\/wp\/v2\/product\/11752"}],"collection":[{"href":"https:\/\/divinporcello.it\/fr\/wp-json\/wp\/v2\/product"}],"about":[{"href":"https:\/\/divinporcello.it\/fr\/wp-json\/wp\/v2\/types\/product"}],"wp:featuredmedia":[{"embeddable":true,"href":"https:\/\/divinporcello.it\/fr\/wp-json\/wp\/v2\/media\/11346"}],"wp:attachment":[{"href":"https:\/\/divinporcello.it\/fr\/wp-json\/wp\/v2\/media?parent=11752"}],"wp:term":[{"taxonomy":"product_cat","embeddable":true,"href":"https:\/\/divinporcello.it\/fr\/wp-json\/wp\/v2\/product_cat?post=11752"},{"taxonomy":"product_tag","embeddable":true,"href":"https:\/\/divinporcello.it\/fr\/wp-json\/wp\/v2\/product_tag?post=11752"}],"curies":[{"name":"wp","href":"https:\/\/api.w.org\/{rel}","templated":true}]}}