{"id":11753,"date":"2020-02-24T15:06:27","date_gmt":"2020-02-24T14:06:27","guid":{"rendered":"https:\/\/shop.divinporcello.it\/prodotto\/prunent-valli-ossolane-nebbiolo-superiore-d-o-c\/"},"modified":"2020-02-24T15:06:27","modified_gmt":"2020-02-24T14:06:27","slug":"prunent-valli-ossolane-nebbiolo-superiore-d-o-c","status":"publish","type":"product","link":"https:\/\/divinporcello.it\/fr\/prodotto\/prunent-valli-ossolane-nebbiolo-superiore-d-o-c\/","title":{"rendered":"PR\u00dcNENT VALLI OSSOLANE NEBBIOLO SUPERIORE D.O.C."},"content":{"rendered":"","protected":false},"excerpt":{"rendered":"<p>Vin rouge du Val d\u2019Ossola issu du c\u00e9page Pr\u00fcnent, ancien nebbiolo de montagne autochtone du Val d\u2019Ossola, provenant en grande partie de vieilles vignes en franc de pied.<\/p>\n<p>Vieillissement d\u2019un an en f\u00fbt, puis de six mois en bouteille.<\/p>\n<p>Robe rouge rubis avec des reflets grenat, nez complexe d\u00e9gageant des notes balsamiques et \u00e9pic\u00e9es; bouche fra\u00eeche, structur\u00e9e avec des tanins \u00e9l\u00e9gants et assez longue.<\/p>\n","protected":false},"featured_media":11328,"template":"","meta":[],"product_cat":[227],"product_tag":[],"aioseo_notices":[],"_links":{"self":[{"href":"https:\/\/divinporcello.it\/fr\/wp-json\/wp\/v2\/product\/11753"}],"collection":[{"href":"https:\/\/divinporcello.it\/fr\/wp-json\/wp\/v2\/product"}],"about":[{"href":"https:\/\/divinporcello.it\/fr\/wp-json\/wp\/v2\/types\/product"}],"wp:featuredmedia":[{"embeddable":true,"href":"https:\/\/divinporcello.it\/fr\/wp-json\/wp\/v2\/media\/11328"}],"wp:attachment":[{"href":"https:\/\/divinporcello.it\/fr\/wp-json\/wp\/v2\/media?parent=11753"}],"wp:term":[{"taxonomy":"product_cat","embeddable":true,"href":"https:\/\/divinporcello.it\/fr\/wp-json\/wp\/v2\/product_cat?post=11753"},{"taxonomy":"product_tag","embeddable":true,"href":"https:\/\/divinporcello.it\/fr\/wp-json\/wp\/v2\/product_tag?post=11753"}],"curies":[{"name":"wp","href":"https:\/\/api.w.org\/{rel}","templated":true}]}}