{"id":11754,"date":"2020-02-27T15:31:04","date_gmt":"2020-02-27T14:31:04","guid":{"rendered":"https:\/\/shop.divinporcello.it\/prodotto\/vino-rosso-tarlp\/"},"modified":"2020-02-27T15:31:04","modified_gmt":"2020-02-27T14:31:04","slug":"vino-rosso-tarlp","status":"publish","type":"product","link":"https:\/\/divinporcello.it\/fr\/prodotto\/vino-rosso-tarlp\/","title":{"rendered":"VINO ROSSO TARL&Agrave;P"},"content":{"rendered":"","protected":false},"excerpt":{"rendered":"<p>Vin rouge du Val d\u2019Ossola issu du c\u00e9page Merlot.<\/p>\n<p>Il est tout d\u2019abord vieilli six mois dans des grand f\u00fbts, puis 6 autres mois en bouteille.<\/p>\n<p>D\u00e9di\u00e9 \u00e0 la \u201cMadonna del Tarl\u00e0p\u201d, protectrice des vignobles, il pr\u00e9sente une robe rouge rubis profond, un nez de fruits rouges m\u00fbrs avec des notes \u00e9pic\u00e9es et v\u00e9g\u00e9tales et une bouche s\u00e8che, fruit\u00e9e avec des tanins souples.<\/p>\n","protected":false},"featured_media":11354,"template":"","meta":[],"product_cat":[227],"product_tag":[],"aioseo_notices":[],"_links":{"self":[{"href":"https:\/\/divinporcello.it\/fr\/wp-json\/wp\/v2\/product\/11754"}],"collection":[{"href":"https:\/\/divinporcello.it\/fr\/wp-json\/wp\/v2\/product"}],"about":[{"href":"https:\/\/divinporcello.it\/fr\/wp-json\/wp\/v2\/types\/product"}],"wp:featuredmedia":[{"embeddable":true,"href":"https:\/\/divinporcello.it\/fr\/wp-json\/wp\/v2\/media\/11354"}],"wp:attachment":[{"href":"https:\/\/divinporcello.it\/fr\/wp-json\/wp\/v2\/media?parent=11754"}],"wp:term":[{"taxonomy":"product_cat","embeddable":true,"href":"https:\/\/divinporcello.it\/fr\/wp-json\/wp\/v2\/product_cat?post=11754"},{"taxonomy":"product_tag","embeddable":true,"href":"https:\/\/divinporcello.it\/fr\/wp-json\/wp\/v2\/product_tag?post=11754"}],"curies":[{"name":"wp","href":"https:\/\/api.w.org\/{rel}","templated":true}]}}