{"id":11755,"date":"2020-02-27T15:49:25","date_gmt":"2020-02-27T14:49:25","guid":{"rendered":"https:\/\/shop.divinporcello.it\/prodotto\/vino-rosato-testa-rusa\/"},"modified":"2020-02-27T15:49:25","modified_gmt":"2020-02-27T14:49:25","slug":"vino-rosato-testa-rusa","status":"publish","type":"product","link":"https:\/\/divinporcello.it\/fr\/prodotto\/vino-rosato-testa-rusa\/","title":{"rendered":"VINO ROSATO TESTA R\u00dcSA"},"content":{"rendered":"","protected":false},"excerpt":{"rendered":"<p>Vin ros\u00e9 du Val d\u2019Ossola, robe pelure d\u2019oignon, nez \u00e9th\u00e9r\u00e9 et persistant avec des notes de fruits des bois, bouche bien structur\u00e9e et \u00e9quilibr\u00e9e.<\/p>\n","protected":false},"featured_media":11364,"template":"","meta":[],"product_cat":[227],"product_tag":[],"aioseo_notices":[],"_links":{"self":[{"href":"https:\/\/divinporcello.it\/fr\/wp-json\/wp\/v2\/product\/11755"}],"collection":[{"href":"https:\/\/divinporcello.it\/fr\/wp-json\/wp\/v2\/product"}],"about":[{"href":"https:\/\/divinporcello.it\/fr\/wp-json\/wp\/v2\/types\/product"}],"wp:featuredmedia":[{"embeddable":true,"href":"https:\/\/divinporcello.it\/fr\/wp-json\/wp\/v2\/media\/11364"}],"wp:attachment":[{"href":"https:\/\/divinporcello.it\/fr\/wp-json\/wp\/v2\/media?parent=11755"}],"wp:term":[{"taxonomy":"product_cat","embeddable":true,"href":"https:\/\/divinporcello.it\/fr\/wp-json\/wp\/v2\/product_cat?post=11755"},{"taxonomy":"product_tag","embeddable":true,"href":"https:\/\/divinporcello.it\/fr\/wp-json\/wp\/v2\/product_tag?post=11755"}],"curies":[{"name":"wp","href":"https:\/\/api.w.org\/{rel}","templated":true}]}}