{"id":11758,"date":"2020-02-27T16:22:40","date_gmt":"2020-02-27T15:22:40","guid":{"rendered":"https:\/\/shop.divinporcello.it\/prodotto\/psb-vino-rosso\/"},"modified":"2020-02-27T16:22:40","modified_gmt":"2020-02-27T15:22:40","slug":"psb-vino-rosso","status":"publish","type":"product","link":"https:\/\/divinporcello.it\/fr\/prodotto\/psb-vino-rosso\/","title":{"rendered":"PSB VINO ROSSO"},"content":{"rendered":"","protected":false},"excerpt":{"rendered":"<p>Vin du Val d\u2019Ossola issu d\u2019un assemblage de c\u00e9pages typiques et traditionnels du terroir.<\/p>\n<p>Robe rouge grenat soutenu, nez intense et persistant de fruits m\u00fbrs, de confiture et d\u2019\u00e9pices.<\/p>\n<p>Bouche avec une l\u00e9g\u00e8re dominante tannique, fra\u00eeche et de structure moyenne.<\/p>\n","protected":false},"featured_media":11382,"template":"","meta":[],"product_cat":[227],"product_tag":[],"aioseo_notices":[],"_links":{"self":[{"href":"https:\/\/divinporcello.it\/fr\/wp-json\/wp\/v2\/product\/11758"}],"collection":[{"href":"https:\/\/divinporcello.it\/fr\/wp-json\/wp\/v2\/product"}],"about":[{"href":"https:\/\/divinporcello.it\/fr\/wp-json\/wp\/v2\/types\/product"}],"wp:featuredmedia":[{"embeddable":true,"href":"https:\/\/divinporcello.it\/fr\/wp-json\/wp\/v2\/media\/11382"}],"wp:attachment":[{"href":"https:\/\/divinporcello.it\/fr\/wp-json\/wp\/v2\/media?parent=11758"}],"wp:term":[{"taxonomy":"product_cat","embeddable":true,"href":"https:\/\/divinporcello.it\/fr\/wp-json\/wp\/v2\/product_cat?post=11758"},{"taxonomy":"product_tag","embeddable":true,"href":"https:\/\/divinporcello.it\/fr\/wp-json\/wp\/v2\/product_tag?post=11758"}],"curies":[{"name":"wp","href":"https:\/\/api.w.org\/{rel}","templated":true}]}}