{"id":11760,"date":"2020-02-27T16:34:59","date_gmt":"2020-02-27T15:34:59","guid":{"rendered":"https:\/\/shop.divinporcello.it\/prodotto\/vigna-vagna-valli-ossolane-d-o-c\/"},"modified":"2020-02-27T16:34:59","modified_gmt":"2020-02-27T15:34:59","slug":"vigna-vagna-valli-ossolane-d-o-c","status":"publish","type":"product","link":"https:\/\/divinporcello.it\/fr\/prodotto\/vigna-vagna-valli-ossolane-d-o-c\/","title":{"rendered":"VIGNA VAGNA VALLI OSSOLANE D.O.C."},"content":{"rendered":"","protected":false},"excerpt":{"rendered":"<p>Vin du Val d\u2019Ossola issu des c\u00e9pages Merlot et Pr\u00fcnent provenant exclusivement de Vagna (hameau de Domodossola).<\/p>\n<p>Passage d\u2019environ 6 mois dans des f\u00fbts de ch\u00eane de Slavonie, suivi d\u2019une p\u00e9riode vieillissement en bouteille.<\/p>\n<p>Robe rouge grenat intense, nez persistant et fruit\u00e9, avec des senteurs de cannelle et de fruits m\u00fbrs, bouche fra\u00eeche, bien structur\u00e9e et \u00e9quilibr\u00e9e avec une dominante tannique.<\/p>\n","protected":false},"featured_media":11391,"template":"","meta":[],"product_cat":[227],"product_tag":[],"aioseo_notices":[],"_links":{"self":[{"href":"https:\/\/divinporcello.it\/fr\/wp-json\/wp\/v2\/product\/11760"}],"collection":[{"href":"https:\/\/divinporcello.it\/fr\/wp-json\/wp\/v2\/product"}],"about":[{"href":"https:\/\/divinporcello.it\/fr\/wp-json\/wp\/v2\/types\/product"}],"wp:featuredmedia":[{"embeddable":true,"href":"https:\/\/divinporcello.it\/fr\/wp-json\/wp\/v2\/media\/11391"}],"wp:attachment":[{"href":"https:\/\/divinporcello.it\/fr\/wp-json\/wp\/v2\/media?parent=11760"}],"wp:term":[{"taxonomy":"product_cat","embeddable":true,"href":"https:\/\/divinporcello.it\/fr\/wp-json\/wp\/v2\/product_cat?post=11760"},{"taxonomy":"product_tag","embeddable":true,"href":"https:\/\/divinporcello.it\/fr\/wp-json\/wp\/v2\/product_tag?post=11760"}],"curies":[{"name":"wp","href":"https:\/\/api.w.org\/{rel}","templated":true}]}}