{"id":11761,"date":"2020-02-27T16:42:56","date_gmt":"2020-02-27T15:42:56","guid":{"rendered":"https:\/\/shop.divinporcello.it\/prodotto\/ca-dmate-valli-ossolane-d-o-c-rosso\/"},"modified":"2020-02-27T16:42:56","modified_gmt":"2020-02-27T15:42:56","slug":"ca-dmate-valli-ossolane-d-o-c-rosso","status":"publish","type":"product","link":"https:\/\/divinporcello.it\/fr\/prodotto\/ca-dmate-valli-ossolane-d-o-c-rosso\/","title":{"rendered":"C\u00c0 D\u2019MAT\u00c9 VALLI OSSOLANE D.O.C. ROSSO"},"content":{"rendered":"","protected":false},"excerpt":{"rendered":"<p>Vin rouge du Val d\u2019Ossola issu des c\u00e9pages Nebbiolo et Croatina.<\/p>\n<p>Vieillissement: un an en f\u00fbt, suivi d\u2019une autre ann\u00e9e en bouteille.<\/p>\n<p>Le nom de ce vin est aussi celui du vieux chai o\u00f9 se d\u00e9roule le vieillissement des vins, C\u00e0 d&rsquo; Mat\u00e8 (casa di Matteo).<\/p>\n<p>Robe rouge rubis, nez vineux caract\u00e9ris\u00e9 par de petits fruits m\u00fbrs avec des nuances balsamiques, bouche savoureuse, bien structur\u00e9e avec des tannins souples.<\/p>\n","protected":false},"featured_media":11400,"template":"","meta":[],"product_cat":[227],"product_tag":[],"aioseo_notices":[],"_links":{"self":[{"href":"https:\/\/divinporcello.it\/fr\/wp-json\/wp\/v2\/product\/11761"}],"collection":[{"href":"https:\/\/divinporcello.it\/fr\/wp-json\/wp\/v2\/product"}],"about":[{"href":"https:\/\/divinporcello.it\/fr\/wp-json\/wp\/v2\/types\/product"}],"wp:featuredmedia":[{"embeddable":true,"href":"https:\/\/divinporcello.it\/fr\/wp-json\/wp\/v2\/media\/11400"}],"wp:attachment":[{"href":"https:\/\/divinporcello.it\/fr\/wp-json\/wp\/v2\/media?parent=11761"}],"wp:term":[{"taxonomy":"product_cat","embeddable":true,"href":"https:\/\/divinporcello.it\/fr\/wp-json\/wp\/v2\/product_cat?post=11761"},{"taxonomy":"product_tag","embeddable":true,"href":"https:\/\/divinporcello.it\/fr\/wp-json\/wp\/v2\/product_tag?post=11761"}],"curies":[{"name":"wp","href":"https:\/\/api.w.org\/{rel}","templated":true}]}}