{"id":13470,"date":"2024-02-10T11:31:43","date_gmt":"2024-02-10T10:31:43","guid":{"rendered":"https:\/\/divinporcello.it\/?post_type=product&#038;p=13470"},"modified":"2024-02-10T11:31:43","modified_gmt":"2024-02-10T10:31:43","slug":"cosciotto-in-lenta-cottura","status":"publish","type":"product","link":"https:\/\/divinporcello.it\/fr\/prodotto\/cosciotto-in-lenta-cottura\/","title":{"rendered":"Cosciotto in lenta cottura"},"content":{"rendered":"<p>Notre jambonneau cuit naturellement, pr\u00e9par\u00e9 et cuit lentement \u00e0 la vapeur, est sal\u00e9 et \u00e9pic\u00e9 harmonieusement avant la cuisson.<br \/>\nLa cuisse de porc crue est d\u00e9soss\u00e9e, sal\u00e9e et aromatis\u00e9e (quelques jours, voire quelques semaines auparavant), ensuite, elle est rinc\u00e9e, ficel\u00e9e et cuite \u00e0 la vapeur dans notre four de Masera. <\/p>\n","protected":false},"excerpt":{"rendered":"<p>Notre jambonneau cuit naturellement, pr\u00e9par\u00e9 et cuit lentement \u00e0 la vapeur, est sal\u00e9 et \u00e9pic\u00e9 harmonieusement avant la cuisson. La&#8230;<\/p>\n","protected":false},"featured_media":11242,"template":"","meta":[],"product_cat":[222],"product_tag":[],"aioseo_notices":[],"_links":{"self":[{"href":"https:\/\/divinporcello.it\/fr\/wp-json\/wp\/v2\/product\/13470"}],"collection":[{"href":"https:\/\/divinporcello.it\/fr\/wp-json\/wp\/v2\/product"}],"about":[{"href":"https:\/\/divinporcello.it\/fr\/wp-json\/wp\/v2\/types\/product"}],"wp:featuredmedia":[{"embeddable":true,"href":"https:\/\/divinporcello.it\/fr\/wp-json\/wp\/v2\/media\/11242"}],"wp:attachment":[{"href":"https:\/\/divinporcello.it\/fr\/wp-json\/wp\/v2\/media?parent=13470"}],"wp:term":[{"taxonomy":"product_cat","embeddable":true,"href":"https:\/\/divinporcello.it\/fr\/wp-json\/wp\/v2\/product_cat?post=13470"},{"taxonomy":"product_tag","embeddable":true,"href":"https:\/\/divinporcello.it\/fr\/wp-json\/wp\/v2\/product_tag?post=13470"}],"curies":[{"name":"wp","href":"https:\/\/api.w.org\/{rel}","templated":true}]}}